{"id":241,"date":"2024-06-21T04:28:26","date_gmt":"2024-06-21T04:28:26","guid":{"rendered":"https:\/\/sanphang.com\/?post_type=product&#038;p=241"},"modified":"2025-06-09T14:05:24","modified_gmt":"2025-06-09T14:05:24","slug":"tu-dinh-luong-can-cap-lieu-truc-vit","status":"publish","type":"product","link":"https:\/\/sanphang.com\/?product=tu-dinh-luong-can-cap-lieu-truc-vit","title":{"rendered":"T\u1ee7 b\u00e0n c\u00e2n c\u1ea5p li\u1ec7u b\u1eb1ng bi\u1ebfn t\u1ea7n"},"content":{"rendered":"<p>T\u1ee7 b\u00e0n c\u00e2n bi\u1ebfn t\u1ea7n \u0111\u01b0\u1ee3c c\u1ea5p li\u1ec7u b\u1eb1ng\u00a0 v\u00edt\u00a0 chuy\u00ean d\u00f9ng \u0111\u1ecbnh l\u01b0\u1ee3ng m\u1ebb, b\u1ed9t, h\u1ea1t v\u00e0 c\u00e1c lo\u1ea1i s\u1ea3n ph\u1ea9m kh\u00e1c.<\/p>\n<p><strong>NGUY\u00caN L\u00dd<\/strong><\/p>\n<div id=\"attachment_248\" style=\"width: 310px\" class=\"wp-caption alignnone\"><img loading=\"lazy\" decoding=\"async\" aria-describedby=\"caption-attachment-248\" class=\"size-medium wp-image-248\" src=\"https:\/\/sanphang.com\/wp-content\/uploads\/2024\/06\/can-dinh-luong-bien-tan-1-1-300x230.png\" alt=\"\" width=\"300\" height=\"230\" srcset=\"https:\/\/sanphang.com\/wp-content\/uploads\/2024\/06\/can-dinh-luong-bien-tan-1-1-300x230.png 300w, https:\/\/sanphang.com\/wp-content\/uploads\/2024\/06\/can-dinh-luong-bien-tan-1-1-768x589.png 768w, https:\/\/sanphang.com\/wp-content\/uploads\/2024\/06\/can-dinh-luong-bien-tan-1-1-600x460.png 600w, https:\/\/sanphang.com\/wp-content\/uploads\/2024\/06\/can-dinh-luong-bien-tan-1-1.png 997w\" sizes=\"auto, (max-width: 300px) 100vw, 300px\" \/><p id=\"caption-attachment-248\" class=\"wp-caption-text\">T\u1ee7 c\u00e2n \u0111\u1ecbnh l\u01b0\u1ee3ng bi\u1ebfn t\u1ea7n<\/p><\/div>\n<p>&nbsp;<\/p>\n<p>Li\u1ec7u \u0111\u01b0\u1ee3c c\u1ea5p b\u1eb1ng v\u00edt xu\u1ed1ng b\u00e0n c\u00e2n, khi \u0111\u1ee7 kh\u1ed1i l\u01b0\u1ee3ng c\u00e0i \u0111\u1eb7t th\u00ec ng\u01b0ng v\u00edt c\u1ea5p li\u1ec7u. Motor v\u00edt t\u1ea3i \u0111\u01b0\u1ee3c \u0111i\u1ec1u khi\u1ec3n qua bi\u1ebfn t\u1ea7n.<\/p>\n<p>M\u00e0ng h\u00ecnh hi\u1ec3n th\u1ecb c\u1ea3m \u1ee9ng c\u00f3 c\u00e1c ch\u1ee9c n\u0103ng nh\u01b0 m\u1ed9t \u0111\u1ea7u c\u00e2n\u00a0 g\u1ed3m: kh\u1ed1i l\u01b0\u1ee3ng t\u1ed5ng, kh\u1ed1i l\u01b0\u1ee3ng tr\u1eeb b\u00ec, tare, zero.<\/p>\n<p>V\u00edt c\u1ea5p li\u1ec7u \u0111\u01b0\u1ee3c \u0111i\u1ec1u khi\u1ec3n b\u1eb1ng bi\u1ebfn t\u1ea7n v\u1edbi thu\u1eadt to\u00e1n PID nh\u1eadn t\u00edn hi\u1ec7u \u0111\u1ea7u c\u00e2n gi\u00fap \u0111i\u1ec1u khi\u1ec3n ch\u00ednh x\u00e1c kh\u1ed1i l\u01b0\u1ee3ng c\u00e0i \u0111\u1eb7t.<\/p>\n<p><strong>\u0110\u1eb6C T\u00cdNH<\/strong><\/p>\n<ul>\n<li>Loadcell t\u1eeb 0-100kg Mavin +10mV tham kh\u1ea3o t\u1ea1i t<a href=\"https:\/\/www.bing.com\/search?q=mavin+loadcell&amp;cvid=123da1e630c541878909dd8dc356524a&amp;gs_lcrp=EgZjaHJvbWUyBggAEEUYOTIGCAEQABhAMgYIAhAAGEDSAQg1OTAzajBqNKgCCLACAQ&amp;FORM=ANAB01&amp;PC=U531\">rang web mavin\u00a0<\/a><\/li>\n<li>Bi\u1ebfn t\u1ea7n \u0111i\u1ec1u khi\u1ec3n v\u00edt c\u1ea5p li\u1ec7u 1HP<\/li>\n<li>M\u00e0ng h\u00ecnh c\u1ea3m \u1ee9ng hi\u1ec3n th\u1ecb v\u00e0 c\u00e0i \u0111\u1eb7t.<\/li>\n<li>Ch\u1ebf \u0111\u1ed9 b\u1eb1ng tay c\u00e0i \u0111\u1eb7t t\u1ea7n s\u1ed1 ch\u1ea1y tr\u00ean bi\u1ebfn t\u1ea7n.<\/li>\n<\/ul>\n<p><strong>S\u01a0 \u0110\u1ed2 \u0110I\u1ec0U KHI\u1ec2N\u00a0<\/strong><\/p>\n<p>T\u1ee7 b\u00e0n c\u00e2n c\u1ea5p li\u1ec7u b\u1eb1ng bi\u1ebfn t\u1ea7n g\u1ed3m 2 c\u1ee5m ch\u00ednh<\/p>\n<ol>\n<li>B\u1ed9 b\u00e0n c\u00e2n 0-100 kg<\/li>\n<li>T\u1ee7 \u0111i\u1ec1u khi\u1ec3n bi\u1ebfn t\u1ea7n k\u1ebft n\u1ed1i v\u1edbi b\u00e0n c\u00e2n.<\/li>\n<li>M\u00e0ng h\u00ecnh c\u1ea3m \u1ee9ng hi\u1ec3n th\u1ecb.<\/li>\n<li><a href=\"https:\/\/sanphang.com\/wp-content\/uploads\/2024\/06\/TU-CAP-LIEU-BAN-CAN-BIEN-TAN.pdf\">T\u00e0i li\u1ec7u m\u00f4 t\u1ea3\u00a0<\/a><\/li>\n<\/ol>\n<p><iframe loading=\"lazy\" title=\"T\u1ee7 \u0111i\u1ec1u khi\u1ec3n c\u00e2n d\u00f9ng bi\u1ebfn t\u1ea7n .\" width=\"500\" height=\"281\" src=\"https:\/\/www.youtube.com\/embed\/JKgsckJ9EHU?feature=oembed\" frameborder=\"0\" allow=\"accelerometer; autoplay; clipboard-write; encrypted-media; gyroscope; picture-in-picture; web-share\" referrerpolicy=\"strict-origin-when-cross-origin\" allowfullscreen><\/iframe><\/p>\n<p>&nbsp;<\/p>\n<p>Th\u00f4ng tin li\u00ean h\u1ec7<\/p>\n<p>0832.804.991<\/p>\n","protected":false},"excerpt":{"rendered":"<p>T\u1ee7 b\u00e0n c\u00e2n bi\u1ebfn t\u1ea7n \u0111\u01b0\u1ee3c c\u1ea5p li\u1ec7u b\u1eb1ng\u00a0 v\u00edt\u00a0 chuy\u00ean d\u00f9ng \u0111\u1ecbnh l\u01b0\u1ee3ng m\u1ebb, b\u1ed9t, h\u1ea1t v\u00e0 c\u00e1c lo\u1ea1i s\u1ea3n ph\u1ea9m kh\u00e1c. NGUY\u00caN L\u00dd &nbsp; Li\u1ec7u \u0111\u01b0\u1ee3c c\u1ea5p b\u1eb1ng v\u00edt xu\u1ed1ng b\u00e0n c\u00e2n, khi \u0111\u1ee7 kh\u1ed1i l\u01b0\u1ee3ng c\u00e0i \u0111\u1eb7t th\u00ec ng\u01b0ng v\u00edt c\u1ea5p li\u1ec7u. Motor v\u00edt t\u1ea3i \u0111\u01b0\u1ee3c \u0111i\u1ec1u khi\u1ec3n qua bi\u1ebfn t\u1ea7n. M\u00e0ng [&hellip;]<\/p>\n","protected":false},"featured_media":242,"comment_status":"open","ping_status":"closed","template":"","meta":[],"product_cat":[46],"product_tag":[],"class_list":{"0":"post-241","1":"product","2":"type-product","3":"status-publish","4":"has-post-thumbnail","6":"product_cat-tu-can","8":"first","9":"instock","10":"sale","11":"shipping-taxable","12":"purchasable","13":"product-type-simple"},"yoast_head":"<!-- This site is optimized with the Yoast SEO plugin v20.9 - https:\/\/yoast.com\/wordpress\/plugins\/seo\/ -->\n<title>T\u1ee7 b\u00e0n c\u00e2n c\u1ea5p li\u1ec7u b\u1eb1ng bi\u1ebfn t\u1ea7n -<\/title>\n<meta name=\"description\" content=\"T\u1ee7 b\u00e0n c\u00e2n c\u1ea5p li\u1ec7u b\u1eb1ng bi\u1ebfn t\u1ea7n d\u00f9ng bi\u1ebfn t\u1ea7n \u0111\u1ec3 \u0111i\u1ec1u khi\u1ec3n v\u00edt c\u1ea5p li\u1ec7u cho b\u00e0n c\u00e2n. Khi g\u1ea7n \u0111\u1ee7 kh\u1ed1i l\u01b0\u1ee3ng c\u00e0i \u0111\u1eb7t bi\u1ebfn t\u1ea7n gi\u1ea3m t\u1ea7n s\u1ed1 \u0111\u1ec3 \u0111\u00e1p \u1ee9ng.\" \/>\n<meta name=\"robots\" content=\"index, follow, max-snippet:-1, max-image-preview:large, max-video-preview:-1\" \/>\n<link rel=\"canonical\" href=\"https:\/\/sanphang.com\/?product=tu-dinh-luong-can-cap-lieu-truc-vit\" \/>\n<meta property=\"og:locale\" content=\"vi_VN\" \/>\n<meta property=\"og:type\" content=\"article\" \/>\n<meta property=\"og:title\" content=\"T\u1ee7 b\u00e0n c\u00e2n c\u1ea5p li\u1ec7u b\u1eb1ng bi\u1ebfn t\u1ea7n -\" \/>\n<meta property=\"og:description\" content=\"T\u1ee7 b\u00e0n c\u00e2n c\u1ea5p li\u1ec7u b\u1eb1ng bi\u1ebfn t\u1ea7n d\u00f9ng bi\u1ebfn t\u1ea7n \u0111\u1ec3 \u0111i\u1ec1u khi\u1ec3n v\u00edt c\u1ea5p li\u1ec7u cho b\u00e0n c\u00e2n. Khi g\u1ea7n \u0111\u1ee7 kh\u1ed1i l\u01b0\u1ee3ng c\u00e0i \u0111\u1eb7t bi\u1ebfn t\u1ea7n gi\u1ea3m t\u1ea7n s\u1ed1 \u0111\u1ec3 \u0111\u00e1p \u1ee9ng.\" \/>\n<meta property=\"og:url\" content=\"https:\/\/sanphang.com\/?product=tu-dinh-luong-can-cap-lieu-truc-vit\" \/>\n<meta property=\"article:publisher\" content=\"https:\/\/www.facebook.com\/thegioitudien\" \/>\n<meta property=\"article:modified_time\" content=\"2025-06-09T14:05:24+00:00\" \/>\n<meta property=\"og:image\" content=\"https:\/\/sanphang.com\/wp-content\/uploads\/2024\/06\/tu-dinh-luong-can-bot-1-scaled.jpg\" \/>\n\t<meta property=\"og:image:width\" content=\"2560\" \/>\n\t<meta property=\"og:image:height\" content=\"1920\" \/>\n\t<meta property=\"og:image:type\" content=\"image\/jpeg\" \/>\n<meta name=\"twitter:card\" content=\"summary_large_image\" \/>\n<meta name=\"twitter:label1\" content=\"\u01af\u1edbc t\u00ednh th\u1eddi gian \u0111\u1ecdc\" \/>\n\t<meta name=\"twitter:data1\" content=\"2 ph\u00fat\" \/>\n<script type=\"application\/ld+json\" class=\"yoast-schema-graph\">{\"@context\":\"https:\/\/schema.org\",\"@graph\":[{\"@type\":\"WebPage\",\"@id\":\"https:\/\/sanphang.com\/?product=tu-dinh-luong-can-cap-lieu-truc-vit\",\"url\":\"https:\/\/sanphang.com\/?product=tu-dinh-luong-can-cap-lieu-truc-vit\",\"name\":\"T\u1ee7 b\u00e0n c\u00e2n c\u1ea5p li\u1ec7u b\u1eb1ng bi\u1ebfn t\u1ea7n -\",\"isPartOf\":{\"@id\":\"https:\/\/sanphang.com\/#website\"},\"datePublished\":\"2024-06-21T04:28:26+00:00\",\"dateModified\":\"2025-06-09T14:05:24+00:00\",\"description\":\"T\u1ee7 b\u00e0n c\u00e2n c\u1ea5p li\u1ec7u b\u1eb1ng bi\u1ebfn t\u1ea7n d\u00f9ng bi\u1ebfn t\u1ea7n \u0111\u1ec3 \u0111i\u1ec1u khi\u1ec3n v\u00edt c\u1ea5p li\u1ec7u cho b\u00e0n c\u00e2n. Khi g\u1ea7n \u0111\u1ee7 kh\u1ed1i l\u01b0\u1ee3ng c\u00e0i \u0111\u1eb7t bi\u1ebfn t\u1ea7n gi\u1ea3m t\u1ea7n s\u1ed1 \u0111\u1ec3 \u0111\u00e1p \u1ee9ng.\",\"breadcrumb\":{\"@id\":\"https:\/\/sanphang.com\/?product=tu-dinh-luong-can-cap-lieu-truc-vit#breadcrumb\"},\"inLanguage\":\"vi\",\"potentialAction\":[{\"@type\":\"ReadAction\",\"target\":[\"https:\/\/sanphang.com\/?product=tu-dinh-luong-can-cap-lieu-truc-vit\"]}]},{\"@type\":\"BreadcrumbList\",\"@id\":\"https:\/\/sanphang.com\/?product=tu-dinh-luong-can-cap-lieu-truc-vit#breadcrumb\",\"itemListElement\":[{\"@type\":\"ListItem\",\"position\":1,\"name\":\"Home\",\"item\":\"https:\/\/sanphang.com\/\"},{\"@type\":\"ListItem\",\"position\":2,\"name\":\"Shop\",\"item\":\"https:\/\/sanphang.com\/?page_id=101\"},{\"@type\":\"ListItem\",\"position\":3,\"name\":\"T\u1ee7 b\u00e0n c\u00e2n c\u1ea5p li\u1ec7u b\u1eb1ng bi\u1ebfn t\u1ea7n\"}]},{\"@type\":\"WebSite\",\"@id\":\"https:\/\/sanphang.com\/#website\",\"url\":\"https:\/\/sanphang.com\/\",\"name\":\"\",\"description\":\"THEGIOITUDIEN\",\"potentialAction\":[{\"@type\":\"SearchAction\",\"target\":{\"@type\":\"EntryPoint\",\"urlTemplate\":\"https:\/\/sanphang.com\/?s={search_term_string}\"},\"query-input\":\"required name=search_term_string\"}],\"inLanguage\":\"vi\"}]}<\/script>\n<!-- \/ Yoast SEO plugin. -->","yoast_head_json":{"title":"T\u1ee7 b\u00e0n c\u00e2n c\u1ea5p li\u1ec7u b\u1eb1ng bi\u1ebfn t\u1ea7n -","description":"T\u1ee7 b\u00e0n c\u00e2n c\u1ea5p li\u1ec7u b\u1eb1ng bi\u1ebfn t\u1ea7n d\u00f9ng bi\u1ebfn t\u1ea7n \u0111\u1ec3 \u0111i\u1ec1u khi\u1ec3n v\u00edt c\u1ea5p li\u1ec7u cho b\u00e0n c\u00e2n. Khi g\u1ea7n \u0111\u1ee7 kh\u1ed1i l\u01b0\u1ee3ng c\u00e0i \u0111\u1eb7t bi\u1ebfn t\u1ea7n gi\u1ea3m t\u1ea7n s\u1ed1 \u0111\u1ec3 \u0111\u00e1p \u1ee9ng.","robots":{"index":"index","follow":"follow","max-snippet":"max-snippet:-1","max-image-preview":"max-image-preview:large","max-video-preview":"max-video-preview:-1"},"canonical":"https:\/\/sanphang.com\/?product=tu-dinh-luong-can-cap-lieu-truc-vit","og_locale":"vi_VN","og_type":"article","og_title":"T\u1ee7 b\u00e0n c\u00e2n c\u1ea5p li\u1ec7u b\u1eb1ng bi\u1ebfn t\u1ea7n -","og_description":"T\u1ee7 b\u00e0n c\u00e2n c\u1ea5p li\u1ec7u b\u1eb1ng bi\u1ebfn t\u1ea7n d\u00f9ng bi\u1ebfn t\u1ea7n \u0111\u1ec3 \u0111i\u1ec1u khi\u1ec3n v\u00edt c\u1ea5p li\u1ec7u cho b\u00e0n c\u00e2n. Khi g\u1ea7n \u0111\u1ee7 kh\u1ed1i l\u01b0\u1ee3ng c\u00e0i \u0111\u1eb7t bi\u1ebfn t\u1ea7n gi\u1ea3m t\u1ea7n s\u1ed1 \u0111\u1ec3 \u0111\u00e1p \u1ee9ng.","og_url":"https:\/\/sanphang.com\/?product=tu-dinh-luong-can-cap-lieu-truc-vit","article_publisher":"https:\/\/www.facebook.com\/thegioitudien","article_modified_time":"2025-06-09T14:05:24+00:00","og_image":[{"width":2560,"height":1920,"url":"https:\/\/sanphang.com\/wp-content\/uploads\/2024\/06\/tu-dinh-luong-can-bot-1-scaled.jpg","type":"image\/jpeg"}],"twitter_card":"summary_large_image","twitter_misc":{"\u01af\u1edbc t\u00ednh th\u1eddi gian \u0111\u1ecdc":"2 ph\u00fat"},"schema":{"@context":"https:\/\/schema.org","@graph":[{"@type":"WebPage","@id":"https:\/\/sanphang.com\/?product=tu-dinh-luong-can-cap-lieu-truc-vit","url":"https:\/\/sanphang.com\/?product=tu-dinh-luong-can-cap-lieu-truc-vit","name":"T\u1ee7 b\u00e0n c\u00e2n c\u1ea5p li\u1ec7u b\u1eb1ng bi\u1ebfn t\u1ea7n -","isPartOf":{"@id":"https:\/\/sanphang.com\/#website"},"datePublished":"2024-06-21T04:28:26+00:00","dateModified":"2025-06-09T14:05:24+00:00","description":"T\u1ee7 b\u00e0n c\u00e2n c\u1ea5p li\u1ec7u b\u1eb1ng bi\u1ebfn t\u1ea7n d\u00f9ng bi\u1ebfn t\u1ea7n \u0111\u1ec3 \u0111i\u1ec1u khi\u1ec3n v\u00edt c\u1ea5p li\u1ec7u cho b\u00e0n c\u00e2n. Khi g\u1ea7n \u0111\u1ee7 kh\u1ed1i l\u01b0\u1ee3ng c\u00e0i \u0111\u1eb7t bi\u1ebfn t\u1ea7n gi\u1ea3m t\u1ea7n s\u1ed1 \u0111\u1ec3 \u0111\u00e1p \u1ee9ng.","breadcrumb":{"@id":"https:\/\/sanphang.com\/?product=tu-dinh-luong-can-cap-lieu-truc-vit#breadcrumb"},"inLanguage":"vi","potentialAction":[{"@type":"ReadAction","target":["https:\/\/sanphang.com\/?product=tu-dinh-luong-can-cap-lieu-truc-vit"]}]},{"@type":"BreadcrumbList","@id":"https:\/\/sanphang.com\/?product=tu-dinh-luong-can-cap-lieu-truc-vit#breadcrumb","itemListElement":[{"@type":"ListItem","position":1,"name":"Home","item":"https:\/\/sanphang.com\/"},{"@type":"ListItem","position":2,"name":"Shop","item":"https:\/\/sanphang.com\/?page_id=101"},{"@type":"ListItem","position":3,"name":"T\u1ee7 b\u00e0n c\u00e2n c\u1ea5p li\u1ec7u b\u1eb1ng bi\u1ebfn t\u1ea7n"}]},{"@type":"WebSite","@id":"https:\/\/sanphang.com\/#website","url":"https:\/\/sanphang.com\/","name":"","description":"THEGIOITUDIEN","potentialAction":[{"@type":"SearchAction","target":{"@type":"EntryPoint","urlTemplate":"https:\/\/sanphang.com\/?s={search_term_string}"},"query-input":"required name=search_term_string"}],"inLanguage":"vi"}]}},"_links":{"self":[{"href":"https:\/\/sanphang.com\/index.php?rest_route=\/wp\/v2\/product\/241","targetHints":{"allow":["GET"]}}],"collection":[{"href":"https:\/\/sanphang.com\/index.php?rest_route=\/wp\/v2\/product"}],"about":[{"href":"https:\/\/sanphang.com\/index.php?rest_route=\/wp\/v2\/types\/product"}],"replies":[{"embeddable":true,"href":"https:\/\/sanphang.com\/index.php?rest_route=%2Fwp%2Fv2%2Fcomments&post=241"}],"wp:featuredmedia":[{"embeddable":true,"href":"https:\/\/sanphang.com\/index.php?rest_route=\/wp\/v2\/media\/242"}],"wp:attachment":[{"href":"https:\/\/sanphang.com\/index.php?rest_route=%2Fwp%2Fv2%2Fmedia&parent=241"}],"wp:term":[{"taxonomy":"product_cat","embeddable":true,"href":"https:\/\/sanphang.com\/index.php?rest_route=%2Fwp%2Fv2%2Fproduct_cat&post=241"},{"taxonomy":"product_tag","embeddable":true,"href":"https:\/\/sanphang.com\/index.php?rest_route=%2Fwp%2Fv2%2Fproduct_tag&post=241"}],"curies":[{"name":"wp","href":"https:\/\/api.w.org\/{rel}","templated":true}]}}