{"id":214,"date":"2024-05-31T11:55:01","date_gmt":"2024-05-31T11:55:01","guid":{"rendered":"https:\/\/sanphang.com\/?post_type=product&#038;p=214"},"modified":"2024-05-31T12:44:37","modified_gmt":"2024-05-31T12:44:37","slug":"tu-chuyen-nguon-ats-hen-gio","status":"publish","type":"product","link":"https:\/\/sanphang.com\/?product=tu-chuyen-nguon-ats-hen-gio","title":{"rendered":"T\u1ee7 chuy\u1ec3n ngu\u1ed3n ATS h\u1eb9n gi\u1edd"},"content":{"rendered":"<p>T\u1ee7 chuy\u1ec3n ngu\u1ed3n t\u1ef1 \u0111\u1ed9ng ATS h\u1eb9n gi\u1edd d\u00f9ng chuy\u1ec3n ngu\u1ed3n l\u01b0\u1edbi v\u00e0 m\u00e1y ph\u00e1t theo th\u1eddi gian c\u00e0i \u0111\u1eb7t.<\/p>\n<p>Timer h\u1eb9n gi\u1edd tu\u1ea7n gi\u00fap c\u00e0i \u0111\u1eb7t ch\u00ednh x\u00e1c th\u1eddi gian chuy\u1ec3n.<\/p>\n<p>\u0110\u1eb6C T\u00cdNH<\/p>\n<ul>\n<li>Chuy\u1ec3n ngu\u1ed3n l\u01b0\u1edbi v\u00e0 m\u00e1y ph\u00e1t 3 pha 380v<\/li>\n<li>C\u00f4ng su\u1ea5t 100A<\/li>\n<li>2 MCCB 125A<\/li>\n<li>Th\u1eddi gian chuy\u1ec3n &lt; 1s<\/li>\n<li>Kh\u00f3a ch\u00e9o an to\u00e0n<\/li>\n<li>2 ch\u1ebf auto v\u00e0 manual<\/li>\n<\/ul>\n<p>S\u01a0 \u0110\u1ed2 \u0110\u1ea4U N\u1ed0I<\/p>\n<p><img loading=\"lazy\" decoding=\"async\" class=\"alignnone size-medium wp-image-219\" src=\"https:\/\/sanphang.com\/wp-content\/uploads\/2024\/05\/ATS-W2R_100_II-300x281.png\" alt=\"\" width=\"300\" height=\"281\" srcset=\"https:\/\/sanphang.com\/wp-content\/uploads\/2024\/05\/ATS-W2R_100_II-300x281.png 300w, https:\/\/sanphang.com\/wp-content\/uploads\/2024\/05\/ATS-W2R_100_II.png 485w\" sizes=\"auto, (max-width: 300px) 100vw, 300px\" \/><\/p>\n<p>T\u1ee7 chuy\u1ec3n ngu\u1ed3n ATS h\u1eb9n gi\u1edd d\u00f9ng b\u1ed9 chuy\u1ec3n ATS GEWA t\u00edch h\u1ee3p s\u1eb5n 2 cu\u1ed9n coil \u0111\u1ec3 \u0111i\u1ec1u khi\u1ec3n l\u01b0\u1edbi hay m\u00e1y ph\u00e1t. 1 c\u00f4ng t\u1eafc g\u1ea1t ch\u1ecdn ch\u1ebf \u0111\u1ed9 MANUAL hay AUTO.<\/p>\n<p>B\u1ed9 chuy\u1ec3n ngu\u1ed3n \u0111\u1ea5u n\u1ed1i qua 1 timer h\u1eb9n gi\u1edb tu\u1ea7n \u0111\u1ec3 \u0111i\u1ec1u khi\u1ec3n \u0111\u00f3ng m\u1edf 2 ngu\u1ed3n A, B theo timer.<\/p>\n<p>B\u1ed9 timer trang b\u1ecb pin CMOS gi\u00fap l\u01b0u tr\u1eef c\u00e1c gi\u00e1 tr\u1ecb c\u00e0i \u0111\u1eb7t<\/p>\n<p>H\u01af\u1edaNG D\u1eaaN S\u1eee D\u1ee4NG<\/p>\n<ul>\n<li>\u0110\u1ea5u n\u1ed1i ngu\u1ed3n l\u01b0\u1edbi v\u00e0 m\u00e1y ph\u00e1t v\u00e0o 2 MCCB trong t\u1ee7.<\/li>\n<li>C\u00e0i \u0111\u1eb7t th\u1eddi gian h\u1eb9n gi\u1edd \u0111\u1ec3 ch\u1ea1y l\u01b0\u1edbi hay m\u00e1y ph\u00e1t.<\/li>\n<li><a href=\"https:\/\/chintglobal.com\/products\/nkg2-time-control-switch-8-733\">T\u00e0i li\u1ec7u TIMER tu\u1ea7n NKG-2 \u0111\u00ednh k\u00e8m\u00a0<\/a><\/li>\n<li><a href=\"https:\/\/sanphang.com\/wp-content\/uploads\/2024\/05\/W2R-Manual.pdf\">T\u00e0i li\u1ec7u b\u1ed9 ATS GEYA W2R-100 II<\/a><\/li>\n<\/ul>\n<p>VIDEO TEST T\u1ee6<\/p>\n<p><iframe loading=\"lazy\" title=\"T\u1ee7 ATS chuy\u1ec3n ngu\u1ed3n h\u1eb9n gi\u1edd gi\u00fap chuy\u1ec3n ngu\u1ed3n l\u01b0\u1edbi v\u00e0 m\u00e1y ph\u00e1t 3 pha 100A.\" width=\"500\" height=\"281\" src=\"https:\/\/www.youtube.com\/embed\/8bcwH7DweCY?feature=oembed\" frameborder=\"0\" allow=\"accelerometer; autoplay; clipboard-write; encrypted-media; gyroscope; picture-in-picture; web-share\" referrerpolicy=\"strict-origin-when-cross-origin\" allowfullscreen><\/iframe><\/p>\n<p>&nbsp;<\/p>\n","protected":false},"excerpt":{"rendered":"<p>T\u1ee7 chuy\u1ec3n ngu\u1ed3n t\u1ef1 \u0111\u1ed9ng ATS h\u1eb9n gi\u1edd d\u00f9ng chuy\u1ec3n ngu\u1ed3n l\u01b0\u1edbi v\u00e0 m\u00e1y ph\u00e1t theo th\u1eddi gian c\u00e0i \u0111\u1eb7t. Timer h\u1eb9n gi\u1edd tu\u1ea7n gi\u00fap c\u00e0i \u0111\u1eb7t ch\u00ednh x\u00e1c th\u1eddi gian chuy\u1ec3n. \u0110\u1eb6C T\u00cdNH Chuy\u1ec3n ngu\u1ed3n l\u01b0\u1edbi v\u00e0 m\u00e1y ph\u00e1t 3 pha 380v C\u00f4ng su\u1ea5t 100A 2 MCCB 125A Th\u1eddi gian chuy\u1ec3n &lt; 1s Kh\u00f3a [&hellip;]<\/p>\n","protected":false},"featured_media":216,"comment_status":"open","ping_status":"closed","template":"","meta":[],"product_cat":[45],"product_tag":[],"class_list":{"0":"post-214","1":"product","2":"type-product","3":"status-publish","4":"has-post-thumbnail","6":"product_cat-tu-ats","8":"first","9":"instock","10":"sale","11":"shipping-taxable","12":"purchasable","13":"product-type-simple"},"yoast_head":"<!-- This site is optimized with the Yoast SEO plugin v20.9 - https:\/\/yoast.com\/wordpress\/plugins\/seo\/ -->\n<title>T\u1ee7 chuy\u1ec3n ngu\u1ed3n ATS h\u1eb9n gi\u1edd -<\/title>\n<meta name=\"description\" content=\"T\u1ee7 chuy\u1ec3n ngu\u1ed3n ATS h\u1eb9n gi\u1edd d\u00f9ng chuy\u1ec3n ngu\u1ed3n l\u01b0\u1edbi v\u00e0 m\u00e1y ph\u00e1t. H\u1eb9n gi\u1edd chuy\u1ec3n l\u01b0\u1edbi v\u00e0 m\u00e1y ph\u00e1t theo th\u1eddi gian c\u00e0i \u0111\u1eb7t. 2 ch\u1ebf \u0111\u1ed9 manual v\u00e0 auto.\" \/>\n<meta name=\"robots\" content=\"index, follow, max-snippet:-1, max-image-preview:large, max-video-preview:-1\" \/>\n<link rel=\"canonical\" href=\"https:\/\/sanphang.com\/?product=tu-chuyen-nguon-ats-hen-gio\" \/>\n<meta property=\"og:locale\" content=\"vi_VN\" \/>\n<meta property=\"og:type\" content=\"article\" \/>\n<meta property=\"og:title\" content=\"T\u1ee7 chuy\u1ec3n ngu\u1ed3n ATS h\u1eb9n gi\u1edd -\" \/>\n<meta property=\"og:description\" content=\"T\u1ee7 chuy\u1ec3n ngu\u1ed3n ATS h\u1eb9n gi\u1edd d\u00f9ng chuy\u1ec3n ngu\u1ed3n l\u01b0\u1edbi v\u00e0 m\u00e1y ph\u00e1t. H\u1eb9n gi\u1edd chuy\u1ec3n l\u01b0\u1edbi v\u00e0 m\u00e1y ph\u00e1t theo th\u1eddi gian c\u00e0i \u0111\u1eb7t. 2 ch\u1ebf \u0111\u1ed9 manual v\u00e0 auto.\" \/>\n<meta property=\"og:url\" content=\"https:\/\/sanphang.com\/?product=tu-chuyen-nguon-ats-hen-gio\" \/>\n<meta property=\"article:publisher\" content=\"https:\/\/www.facebook.com\/thegioitudien\" \/>\n<meta property=\"article:modified_time\" content=\"2024-05-31T12:44:37+00:00\" \/>\n<meta property=\"og:image\" content=\"https:\/\/sanphang.com\/wp-content\/uploads\/2024\/05\/Tu-chuyen-nguon-ATS-hen-gio-scaled.jpg\" \/>\n\t<meta property=\"og:image:width\" content=\"1920\" \/>\n\t<meta property=\"og:image:height\" content=\"2560\" \/>\n\t<meta property=\"og:image:type\" content=\"image\/jpeg\" \/>\n<meta name=\"twitter:card\" content=\"summary_large_image\" \/>\n<meta name=\"twitter:label1\" content=\"\u01af\u1edbc t\u00ednh th\u1eddi gian \u0111\u1ecdc\" \/>\n\t<meta name=\"twitter:data1\" content=\"2 ph\u00fat\" \/>\n<script type=\"application\/ld+json\" class=\"yoast-schema-graph\">{\"@context\":\"https:\/\/schema.org\",\"@graph\":[{\"@type\":\"WebPage\",\"@id\":\"https:\/\/sanphang.com\/?product=tu-chuyen-nguon-ats-hen-gio\",\"url\":\"https:\/\/sanphang.com\/?product=tu-chuyen-nguon-ats-hen-gio\",\"name\":\"T\u1ee7 chuy\u1ec3n ngu\u1ed3n ATS h\u1eb9n gi\u1edd -\",\"isPartOf\":{\"@id\":\"https:\/\/sanphang.com\/#website\"},\"datePublished\":\"2024-05-31T11:55:01+00:00\",\"dateModified\":\"2024-05-31T12:44:37+00:00\",\"description\":\"T\u1ee7 chuy\u1ec3n ngu\u1ed3n ATS h\u1eb9n gi\u1edd d\u00f9ng chuy\u1ec3n ngu\u1ed3n l\u01b0\u1edbi v\u00e0 m\u00e1y ph\u00e1t. H\u1eb9n gi\u1edd chuy\u1ec3n l\u01b0\u1edbi v\u00e0 m\u00e1y ph\u00e1t theo th\u1eddi gian c\u00e0i \u0111\u1eb7t. 2 ch\u1ebf \u0111\u1ed9 manual v\u00e0 auto.\",\"breadcrumb\":{\"@id\":\"https:\/\/sanphang.com\/?product=tu-chuyen-nguon-ats-hen-gio#breadcrumb\"},\"inLanguage\":\"vi\",\"potentialAction\":[{\"@type\":\"ReadAction\",\"target\":[\"https:\/\/sanphang.com\/?product=tu-chuyen-nguon-ats-hen-gio\"]}]},{\"@type\":\"BreadcrumbList\",\"@id\":\"https:\/\/sanphang.com\/?product=tu-chuyen-nguon-ats-hen-gio#breadcrumb\",\"itemListElement\":[{\"@type\":\"ListItem\",\"position\":1,\"name\":\"Home\",\"item\":\"https:\/\/sanphang.com\/\"},{\"@type\":\"ListItem\",\"position\":2,\"name\":\"Shop\",\"item\":\"https:\/\/sanphang.com\/?page_id=101\"},{\"@type\":\"ListItem\",\"position\":3,\"name\":\"T\u1ee7 chuy\u1ec3n ngu\u1ed3n ATS h\u1eb9n gi\u1edd\"}]},{\"@type\":\"WebSite\",\"@id\":\"https:\/\/sanphang.com\/#website\",\"url\":\"https:\/\/sanphang.com\/\",\"name\":\"\",\"description\":\"THEGIOITUDIEN\",\"potentialAction\":[{\"@type\":\"SearchAction\",\"target\":{\"@type\":\"EntryPoint\",\"urlTemplate\":\"https:\/\/sanphang.com\/?s={search_term_string}\"},\"query-input\":\"required name=search_term_string\"}],\"inLanguage\":\"vi\"}]}<\/script>\n<!-- \/ Yoast SEO plugin. -->","yoast_head_json":{"title":"T\u1ee7 chuy\u1ec3n ngu\u1ed3n ATS h\u1eb9n gi\u1edd -","description":"T\u1ee7 chuy\u1ec3n ngu\u1ed3n ATS h\u1eb9n gi\u1edd d\u00f9ng chuy\u1ec3n ngu\u1ed3n l\u01b0\u1edbi v\u00e0 m\u00e1y ph\u00e1t. H\u1eb9n gi\u1edd chuy\u1ec3n l\u01b0\u1edbi v\u00e0 m\u00e1y ph\u00e1t theo th\u1eddi gian c\u00e0i \u0111\u1eb7t. 2 ch\u1ebf \u0111\u1ed9 manual v\u00e0 auto.","robots":{"index":"index","follow":"follow","max-snippet":"max-snippet:-1","max-image-preview":"max-image-preview:large","max-video-preview":"max-video-preview:-1"},"canonical":"https:\/\/sanphang.com\/?product=tu-chuyen-nguon-ats-hen-gio","og_locale":"vi_VN","og_type":"article","og_title":"T\u1ee7 chuy\u1ec3n ngu\u1ed3n ATS h\u1eb9n gi\u1edd -","og_description":"T\u1ee7 chuy\u1ec3n ngu\u1ed3n ATS h\u1eb9n gi\u1edd d\u00f9ng chuy\u1ec3n ngu\u1ed3n l\u01b0\u1edbi v\u00e0 m\u00e1y ph\u00e1t. H\u1eb9n gi\u1edd chuy\u1ec3n l\u01b0\u1edbi v\u00e0 m\u00e1y ph\u00e1t theo th\u1eddi gian c\u00e0i \u0111\u1eb7t. 2 ch\u1ebf \u0111\u1ed9 manual v\u00e0 auto.","og_url":"https:\/\/sanphang.com\/?product=tu-chuyen-nguon-ats-hen-gio","article_publisher":"https:\/\/www.facebook.com\/thegioitudien","article_modified_time":"2024-05-31T12:44:37+00:00","og_image":[{"width":1920,"height":2560,"url":"https:\/\/sanphang.com\/wp-content\/uploads\/2024\/05\/Tu-chuyen-nguon-ATS-hen-gio-scaled.jpg","type":"image\/jpeg"}],"twitter_card":"summary_large_image","twitter_misc":{"\u01af\u1edbc t\u00ednh th\u1eddi gian \u0111\u1ecdc":"2 ph\u00fat"},"schema":{"@context":"https:\/\/schema.org","@graph":[{"@type":"WebPage","@id":"https:\/\/sanphang.com\/?product=tu-chuyen-nguon-ats-hen-gio","url":"https:\/\/sanphang.com\/?product=tu-chuyen-nguon-ats-hen-gio","name":"T\u1ee7 chuy\u1ec3n ngu\u1ed3n ATS h\u1eb9n gi\u1edd -","isPartOf":{"@id":"https:\/\/sanphang.com\/#website"},"datePublished":"2024-05-31T11:55:01+00:00","dateModified":"2024-05-31T12:44:37+00:00","description":"T\u1ee7 chuy\u1ec3n ngu\u1ed3n ATS h\u1eb9n gi\u1edd d\u00f9ng chuy\u1ec3n ngu\u1ed3n l\u01b0\u1edbi v\u00e0 m\u00e1y ph\u00e1t. H\u1eb9n gi\u1edd chuy\u1ec3n l\u01b0\u1edbi v\u00e0 m\u00e1y ph\u00e1t theo th\u1eddi gian c\u00e0i \u0111\u1eb7t. 2 ch\u1ebf \u0111\u1ed9 manual v\u00e0 auto.","breadcrumb":{"@id":"https:\/\/sanphang.com\/?product=tu-chuyen-nguon-ats-hen-gio#breadcrumb"},"inLanguage":"vi","potentialAction":[{"@type":"ReadAction","target":["https:\/\/sanphang.com\/?product=tu-chuyen-nguon-ats-hen-gio"]}]},{"@type":"BreadcrumbList","@id":"https:\/\/sanphang.com\/?product=tu-chuyen-nguon-ats-hen-gio#breadcrumb","itemListElement":[{"@type":"ListItem","position":1,"name":"Home","item":"https:\/\/sanphang.com\/"},{"@type":"ListItem","position":2,"name":"Shop","item":"https:\/\/sanphang.com\/?page_id=101"},{"@type":"ListItem","position":3,"name":"T\u1ee7 chuy\u1ec3n ngu\u1ed3n ATS h\u1eb9n gi\u1edd"}]},{"@type":"WebSite","@id":"https:\/\/sanphang.com\/#website","url":"https:\/\/sanphang.com\/","name":"","description":"THEGIOITUDIEN","potentialAction":[{"@type":"SearchAction","target":{"@type":"EntryPoint","urlTemplate":"https:\/\/sanphang.com\/?s={search_term_string}"},"query-input":"required name=search_term_string"}],"inLanguage":"vi"}]}},"_links":{"self":[{"href":"https:\/\/sanphang.com\/index.php?rest_route=\/wp\/v2\/product\/214","targetHints":{"allow":["GET"]}}],"collection":[{"href":"https:\/\/sanphang.com\/index.php?rest_route=\/wp\/v2\/product"}],"about":[{"href":"https:\/\/sanphang.com\/index.php?rest_route=\/wp\/v2\/types\/product"}],"replies":[{"embeddable":true,"href":"https:\/\/sanphang.com\/index.php?rest_route=%2Fwp%2Fv2%2Fcomments&post=214"}],"wp:featuredmedia":[{"embeddable":true,"href":"https:\/\/sanphang.com\/index.php?rest_route=\/wp\/v2\/media\/216"}],"wp:attachment":[{"href":"https:\/\/sanphang.com\/index.php?rest_route=%2Fwp%2Fv2%2Fmedia&parent=214"}],"wp:term":[{"taxonomy":"product_cat","embeddable":true,"href":"https:\/\/sanphang.com\/index.php?rest_route=%2Fwp%2Fv2%2Fproduct_cat&post=214"},{"taxonomy":"product_tag","embeddable":true,"href":"https:\/\/sanphang.com\/index.php?rest_route=%2Fwp%2Fv2%2Fproduct_tag&post=214"}],"curies":[{"name":"wp","href":"https:\/\/api.w.org\/{rel}","templated":true}]}}