{"id":150,"date":"2023-06-28T06:42:45","date_gmt":"2023-06-28T06:42:45","guid":{"rendered":"https:\/\/sanphang.com\/?post_type=product&#038;p=150"},"modified":"2023-06-28T09:05:19","modified_gmt":"2023-06-28T09:05:19","slug":"tu-dieu-khien-bien-tan-remote","status":"publish","type":"product","link":"https:\/\/sanphang.com\/?product=tu-dieu-khien-bien-tan-remote","title":{"rendered":"T\u1ee7 \u0111i\u1ec1u khi\u1ec3n bi\u1ebfn t\u1ea7n remote"},"content":{"rendered":"<p>T\u1ee7 \u0111i\u1ec1u khi\u1ec3n bi\u1ebfn t\u1ea7n remote gi\u00fap \u0111i\u1ec1u t\u1ed1c bi\u1ebfn t\u1ea7n qua remote \u1edf kho\u1ea3n c\u00e1ch l\u00ean \u0111\u1ebfn 2km, ph\u00f9 h\u1ee3p cho c\u00e1c \u1ee9ng d\u1ee5ng \u0111i\u1ec1u t\u1ed1c b\u1ed1c h\u00e0ng t\u1eeb xa, remote c\u00f3 t\u00edn hi\u1ec7u h\u1ed3i ti\u1ebfp b\u00e1o ch\u1ea1y hay d\u1eebng.<\/p>\n<p>Nh\u01b0 \u0111\u00e3 bi\u1ebft bi\u1ebfn t\u1ea7n gi\u00fap \u0111i\u1ec1u t\u1ed1c motor nhanh hay ch\u1eadm d\u1ef1a v\u00e0o thay \u0111\u1ed5i t\u1ea7n s\u1ed1. T\u1ee7 n\u00e0y c\u00f3 2 ch\u1ebf \u0111\u1ed9 tay v\u00e0 remote.<\/p>\n<ul>\n<li>\u1ede ch\u1ebf \u0111\u1ed9 tay c\u00f3 th\u1ec3 ch\u1ea1y d\u1eebng bi\u1ebfn t\u1ea7n qua c\u00f4ng t\u1eafc g\u1ea1t, n\u00fat bi\u1ebfn tr\u1edf bi\u1ebfn t\u1ea7n gi\u00fap \u0111i\u1ec1u ch\u1ec9nh t\u1ed1c \u0111\u1ed9.<\/li>\n<li>\u1ede ch\u1ebf \u0111\u1ed9 remote \u0111i\u1ec1u khi\u1ec3n ch\u1ea1y d\u1eebng bi\u1ebfn t\u1ea7n, \u0111i\u1ec1u t\u1ed1c bi\u1ebfn t\u1ea7n qua n\u00fat v\u1eb7n tr\u00ean remote.<\/li>\n<\/ul>\n<h2>M\u00d4 T\u1ea2<\/h2>\n<p>T\u1ee7 bi\u1ebfn t\u1ea7n remote 2 ch\u1ebf \u0111\u1ed9 tay v\u00e0 t\u1ef1 \u0111\u1ed9ng \u0111\u1ea5u n\u1ed1i \u0111\u01a1n gi\u1ea3n, ch\u1ec9 c\u1ea7n \u0111\u01b0a \u0111i\u1ec7n 3 pha v\u00e0 1 d\u00e2y trung t\u00ednh \u0111\u1ec3 c\u1ea5p ngu\u1ed3n, \u0111\u1ea7u ra l\u00e0 motor 3 pha 380v.<\/p>\n<p>T\u1ee7 trang b\u1ecb 3 \u0111\u00e8n b\u00e1o pha xanh, \u0111\u1ecf, v\u00e0ng \u0111\u1ec3 b\u00e1o t\u00ecnh tr\u1ea1ng ngu\u1ed3n \u0111i\u1ec7n v\u00e0o.<\/p>\n<p>C\u00f4ng t\u1eafc g\u1ea1t 3 v\u1ecb tr\u00ed gi\u00fap ch\u1ecdn ch\u1ebf \u0111\u1ed9 ch\u1ea1y tay &#8211; d\u1eebng &#8211; remote.<\/p>\n<p>\u0110\u00e8n b\u00e1o s\u1ef1 c\u1ed1 m\u00e0u \u0111\u1ecf b\u00e1o tr\u1ea1ng th\u00e1i khi bi\u1ebfn t\u1ea7n g\u1eb7p s\u1ef1 c\u1ed1.<\/p>\n<p>&nbsp;<\/p>\n<h2>\u0110\u1eb6C T\u00cdNH<\/h2>\n<ul>\n<li>Bi\u1ebfn t\u1ea7n c\u00f4ng su\u1ea5t 1 HP LS SV008IG5A-4 3 pha 380v h\u00e0ng th\u00e1o t\u1ee7.<\/li>\n<li>Ngu\u1ed3n c\u1ea5p 3 pha 380v v\u00e0 1 d\u00e2y trung t\u00ednh<\/li>\n<li>V\u1ecf t\u1ee7 k\u00edn n\u01b0\u1edbc nh\u1ef1a ABS<\/li>\n<li>Remote t\u00edch h\u1ee3p pin Lithium k\u00e8m s\u1ea1c d\u1ef1 ph\u00f2ng.<\/li>\n<li>Kho\u1ea3n c\u00e1ch max 2km qua s\u00f3ng 433Mhz<\/li>\n<li>2 ch\u1ebf \u0111\u1ed9 tay v\u00e0 remote<\/li>\n<li>\u0110\u00e8n b\u00e1o pha ngu\u1ed3n c\u1ea5p<\/li>\n<li>\u0110\u00e8n b\u00e1o qu\u00e1 t\u1ea3i.<\/li>\n<\/ul>\n<p>Bi\u1ebfn t\u1ea7n LS SV008IG5A-4 l\u00e0 d\u00f2ng bi\u1ebfn t\u1ea7n c\u1ee7a h\u00e3ng LS \u0111\u00e3 ch\u1ee9ng minh t\u00ednh \u1ed5n \u0111\u1ecbnh v\u00e0 \u0111\u1ed9 b\u1ec1n b\u1ec9 trong c\u00e1c kho l\u1ea1nh, m\u00f4i tr\u01b0\u1eddng nhi\u1ec1u b\u1ee5i nh\u01b0 nh\u00e0 m\u00e1y g\u1ed7, \u0111\u00e1.<\/p>\n<p>V\u1edbi c\u00f4ng ngh\u1ec7 iGBT m\u1edbi nh\u1ea5t gi\u00fap gi\u1ea3m t\u1ed1i \u0111a d\u00f2ng r\u00f2 ph\u00e1t sinh.<\/p>\n<h2>PH\u1ea0M VI \u1ee8NG D\u1ee4NG<\/h2>\n<p>T\u1ee7 bi\u1ebfn t\u1ea7n remote 2 ch\u1ebf \u0111\u1ed9 \u0111\u01b0\u1ee3c \u1ee9ng d\u1ee5ng \u0111i\u1ec1u t\u1ed1c b\u0103ng t\u1ea3i, b\u1ed3n tr\u1ed9n, b\u01a1m n\u01b0\u1edbc. T\u00ednh n\u0103ng remote t\u1eeb xa gi\u00fap \u0111i\u1ec1u t\u1ed1c bi\u1ebfn t\u1ea7n, l\u1ef1a ch\u1ecdn n\u00e0y ph\u00f9 h\u1ee3p cho c\u00e1c y\u00eau c\u1ea7u c\u1ea7n \u0111i\u1ec1u khi\u1ec3n kho\u1ea3n c\u00e1ch xa nh\u01b0 b\u1ed1c h\u00e0ng t\u1eeb c\u1ea3ng v\u00e0o kho,hay \u0111i\u1ec1u t\u1ed1c m\u00e1y b\u01a1m t\u1eeb xa.<\/p>\n<p>Tr\u1ecdn b\u1ed9 thi\u1ebft b\u1ecb \u0111\u01b0\u1ee3c \u0111\u1ea5u n\u1ed1i s\u1eb5n, chi ph\u00ed h\u1ee3p l\u00fd l\u00e0 s\u1ef1 l\u1ef1a ch\u1ecdn t\u1ed1t nh\u1ea5t, kh\u00f4ng c\u1ea7n \u0111\u1ebfn c\u00e1c h\u1ec7 th\u1ed1ng SCADA ph\u1ee9c t\u1ea1p, \u0111\u1eaft \u0111\u1ecf m\u00e0 v\u1eabn ho\u1ea1t \u0111\u1ed9ng tr\u00f4i ch\u1ea3y.<\/p>\n<p>Thi\u1ebft b\u1ecb ra \u0111\u1eddi nh\u1eb1m m\u1ee5c \u0111\u00edch gi\u1ea3m gi\u00e1 th\u00e0nh v\u00e0 \u0111em \u0111\u1ebfn s\u1ef1 thu\u1eadn ti\u1ec7n cho ng\u01b0\u1eddi d\u00f9ng, kh\u00f4ng c\u1ea7n chi ph\u00ed hay k\u1ef9 thu\u1eadt chuy\u00ean m\u00f4n cao.<\/p>\n<p>&nbsp;<\/p>\n<p><iframe loading=\"lazy\" title=\"T\u1ee7 bi\u1ebfn t\u1ea7n remote gi\u00fap \u0111i\u1ec1u t\u1ed1c bi\u1ebfn t\u1ea7n t\u1eeb xa qua s\u00f3ng RF433 Mhz\" width=\"500\" height=\"281\" src=\"https:\/\/www.youtube.com\/embed\/RHH9QWj-hzs?feature=oembed\" frameborder=\"0\" allow=\"accelerometer; autoplay; clipboard-write; encrypted-media; gyroscope; picture-in-picture; web-share\" referrerpolicy=\"strict-origin-when-cross-origin\" allowfullscreen><\/iframe><\/p>\n<h2>T\u00c0I LI\u1ec6U<\/h2>\n<p><a href=\"https:\/\/www.bing.com\/search?q=SV008IG5A+MANUAL&amp;qs=n&amp;form=QBRE&amp;sp=-1&amp;lq=0&amp;pq=sv008ig5a+man&amp;sc=10-13&amp;sk=&amp;cvid=22DD4F25B2DC4B8E836BF7C5FD777475&amp;ghsh=0&amp;ghacc=0&amp;ghpl=\">T\u00e0i li\u1ec7u bi\u1ebfn t\u1ea7n LS SV008IG5A-4\u00a0<\/a><\/p>\n<h2><strong>CH\u00cdNH S\u00c1CH B\u1ea2O H\u00c0NH<\/strong><\/h2>\n<p>B\u1ea3o h\u00e0nh 6 th\u00e1ng 1 \u0111\u1ed5i 1<\/p>\n","protected":false},"excerpt":{"rendered":"<p>T\u1ee7 \u0111i\u1ec1u khi\u1ec3n bi\u1ebfn t\u1ea7n remote gi\u00fap \u0111i\u1ec1u t\u1ed1c bi\u1ebfn t\u1ea7n t\u1eeb xa qua s\u00f3ng RF 433Mhz kho\u1ea3n c\u00e1ch l\u00ean \u0111\u1ebfn 2km<\/p>\n","protected":false},"featured_media":151,"comment_status":"open","ping_status":"closed","template":"","meta":[],"product_cat":[32],"product_tag":[],"class_list":{"0":"post-150","1":"product","2":"type-product","3":"status-publish","4":"has-post-thumbnail","6":"product_cat-uncategorized","8":"first","9":"instock","10":"sale","11":"shipping-taxable","12":"purchasable","13":"product-type-simple"},"yoast_head":"<!-- This site is optimized with the Yoast SEO plugin v20.9 - https:\/\/yoast.com\/wordpress\/plugins\/seo\/ -->\n<title>T\u1ee7 \u0111i\u1ec1u khi\u1ec3n bi\u1ebfn t\u1ea7n remote -<\/title>\n<meta name=\"description\" content=\"T\u1ee7 \u0111i\u1ec1u khi\u1ec3n bi\u1ebfn t\u1ea7n remote gi\u00fap \u0111i\u1ec1u t\u1ed1c t\u1eeb xa qua s\u00f3ng RF 433Mhz, T\u1ee7 n\u00e0y c\u00f3 2 ch\u1ebf \u0111\u1ed9 tay v\u00e0 remote, \u0111\u00e8n b\u00e1o pha ngu\u1ed3n v\u00e0o, \u0111\u00e8n b\u00e1o \u0111\u1ecf b\u00e1o s\u1ef1 c\u1ed1 motor .\" \/>\n<meta name=\"robots\" content=\"index, follow, max-snippet:-1, max-image-preview:large, max-video-preview:-1\" \/>\n<link rel=\"canonical\" href=\"https:\/\/sanphang.com\/?product=tu-dieu-khien-bien-tan-remote\" \/>\n<meta property=\"og:locale\" content=\"vi_VN\" \/>\n<meta property=\"og:type\" content=\"article\" \/>\n<meta property=\"og:title\" content=\"T\u1ee7 \u0111i\u1ec1u khi\u1ec3n bi\u1ebfn t\u1ea7n remote -\" \/>\n<meta property=\"og:description\" content=\"T\u1ee7 \u0111i\u1ec1u khi\u1ec3n bi\u1ebfn t\u1ea7n remote gi\u00fap \u0111i\u1ec1u t\u1ed1c t\u1eeb xa qua s\u00f3ng RF 433Mhz, T\u1ee7 n\u00e0y c\u00f3 2 ch\u1ebf \u0111\u1ed9 tay v\u00e0 remote, \u0111\u00e8n b\u00e1o pha ngu\u1ed3n v\u00e0o, \u0111\u00e8n b\u00e1o \u0111\u1ecf b\u00e1o s\u1ef1 c\u1ed1 motor .\" \/>\n<meta property=\"og:url\" content=\"https:\/\/sanphang.com\/?product=tu-dieu-khien-bien-tan-remote\" \/>\n<meta property=\"article:publisher\" content=\"https:\/\/www.facebook.com\/thegioitudien\" \/>\n<meta property=\"article:modified_time\" content=\"2023-06-28T09:05:19+00:00\" \/>\n<meta property=\"og:image\" content=\"https:\/\/sanphang.com\/wp-content\/uploads\/2023\/06\/Tu-bien-tan-remote.jpg\" \/>\n\t<meta property=\"og:image:width\" content=\"800\" \/>\n\t<meta property=\"og:image:height\" content=\"1066\" \/>\n\t<meta property=\"og:image:type\" content=\"image\/jpeg\" \/>\n<meta name=\"twitter:card\" content=\"summary_large_image\" \/>\n<meta name=\"twitter:label1\" content=\"\u01af\u1edbc t\u00ednh th\u1eddi gian \u0111\u1ecdc\" \/>\n\t<meta name=\"twitter:data1\" content=\"3 ph\u00fat\" \/>\n<script type=\"application\/ld+json\" class=\"yoast-schema-graph\">{\"@context\":\"https:\/\/schema.org\",\"@graph\":[{\"@type\":\"WebPage\",\"@id\":\"https:\/\/sanphang.com\/?product=tu-dieu-khien-bien-tan-remote\",\"url\":\"https:\/\/sanphang.com\/?product=tu-dieu-khien-bien-tan-remote\",\"name\":\"T\u1ee7 \u0111i\u1ec1u khi\u1ec3n bi\u1ebfn t\u1ea7n remote -\",\"isPartOf\":{\"@id\":\"https:\/\/sanphang.com\/#website\"},\"datePublished\":\"2023-06-28T06:42:45+00:00\",\"dateModified\":\"2023-06-28T09:05:19+00:00\",\"description\":\"T\u1ee7 \u0111i\u1ec1u khi\u1ec3n bi\u1ebfn t\u1ea7n remote gi\u00fap \u0111i\u1ec1u t\u1ed1c t\u1eeb xa qua s\u00f3ng RF 433Mhz, T\u1ee7 n\u00e0y c\u00f3 2 ch\u1ebf \u0111\u1ed9 tay v\u00e0 remote, \u0111\u00e8n b\u00e1o pha ngu\u1ed3n v\u00e0o, \u0111\u00e8n b\u00e1o \u0111\u1ecf b\u00e1o s\u1ef1 c\u1ed1 motor .\",\"breadcrumb\":{\"@id\":\"https:\/\/sanphang.com\/?product=tu-dieu-khien-bien-tan-remote#breadcrumb\"},\"inLanguage\":\"vi\",\"potentialAction\":[{\"@type\":\"ReadAction\",\"target\":[\"https:\/\/sanphang.com\/?product=tu-dieu-khien-bien-tan-remote\"]}]},{\"@type\":\"BreadcrumbList\",\"@id\":\"https:\/\/sanphang.com\/?product=tu-dieu-khien-bien-tan-remote#breadcrumb\",\"itemListElement\":[{\"@type\":\"ListItem\",\"position\":1,\"name\":\"Home\",\"item\":\"https:\/\/sanphang.com\/\"},{\"@type\":\"ListItem\",\"position\":2,\"name\":\"Shop\",\"item\":\"https:\/\/sanphang.com\/?page_id=101\"},{\"@type\":\"ListItem\",\"position\":3,\"name\":\"T\u1ee7 \u0111i\u1ec1u khi\u1ec3n bi\u1ebfn t\u1ea7n remote\"}]},{\"@type\":\"WebSite\",\"@id\":\"https:\/\/sanphang.com\/#website\",\"url\":\"https:\/\/sanphang.com\/\",\"name\":\"\",\"description\":\"THEGIOITUDIEN\",\"potentialAction\":[{\"@type\":\"SearchAction\",\"target\":{\"@type\":\"EntryPoint\",\"urlTemplate\":\"https:\/\/sanphang.com\/?s={search_term_string}\"},\"query-input\":\"required name=search_term_string\"}],\"inLanguage\":\"vi\"}]}<\/script>\n<!-- \/ Yoast SEO plugin. -->","yoast_head_json":{"title":"T\u1ee7 \u0111i\u1ec1u khi\u1ec3n bi\u1ebfn t\u1ea7n remote -","description":"T\u1ee7 \u0111i\u1ec1u khi\u1ec3n bi\u1ebfn t\u1ea7n remote gi\u00fap \u0111i\u1ec1u t\u1ed1c t\u1eeb xa qua s\u00f3ng RF 433Mhz, T\u1ee7 n\u00e0y c\u00f3 2 ch\u1ebf \u0111\u1ed9 tay v\u00e0 remote, \u0111\u00e8n b\u00e1o pha ngu\u1ed3n v\u00e0o, \u0111\u00e8n b\u00e1o \u0111\u1ecf b\u00e1o s\u1ef1 c\u1ed1 motor .","robots":{"index":"index","follow":"follow","max-snippet":"max-snippet:-1","max-image-preview":"max-image-preview:large","max-video-preview":"max-video-preview:-1"},"canonical":"https:\/\/sanphang.com\/?product=tu-dieu-khien-bien-tan-remote","og_locale":"vi_VN","og_type":"article","og_title":"T\u1ee7 \u0111i\u1ec1u khi\u1ec3n bi\u1ebfn t\u1ea7n remote -","og_description":"T\u1ee7 \u0111i\u1ec1u khi\u1ec3n bi\u1ebfn t\u1ea7n remote gi\u00fap \u0111i\u1ec1u t\u1ed1c t\u1eeb xa qua s\u00f3ng RF 433Mhz, T\u1ee7 n\u00e0y c\u00f3 2 ch\u1ebf \u0111\u1ed9 tay v\u00e0 remote, \u0111\u00e8n b\u00e1o pha ngu\u1ed3n v\u00e0o, \u0111\u00e8n b\u00e1o \u0111\u1ecf b\u00e1o s\u1ef1 c\u1ed1 motor .","og_url":"https:\/\/sanphang.com\/?product=tu-dieu-khien-bien-tan-remote","article_publisher":"https:\/\/www.facebook.com\/thegioitudien","article_modified_time":"2023-06-28T09:05:19+00:00","og_image":[{"width":800,"height":1066,"url":"https:\/\/sanphang.com\/wp-content\/uploads\/2023\/06\/Tu-bien-tan-remote.jpg","type":"image\/jpeg"}],"twitter_card":"summary_large_image","twitter_misc":{"\u01af\u1edbc t\u00ednh th\u1eddi gian \u0111\u1ecdc":"3 ph\u00fat"},"schema":{"@context":"https:\/\/schema.org","@graph":[{"@type":"WebPage","@id":"https:\/\/sanphang.com\/?product=tu-dieu-khien-bien-tan-remote","url":"https:\/\/sanphang.com\/?product=tu-dieu-khien-bien-tan-remote","name":"T\u1ee7 \u0111i\u1ec1u khi\u1ec3n bi\u1ebfn t\u1ea7n remote -","isPartOf":{"@id":"https:\/\/sanphang.com\/#website"},"datePublished":"2023-06-28T06:42:45+00:00","dateModified":"2023-06-28T09:05:19+00:00","description":"T\u1ee7 \u0111i\u1ec1u khi\u1ec3n bi\u1ebfn t\u1ea7n remote gi\u00fap \u0111i\u1ec1u t\u1ed1c t\u1eeb xa qua s\u00f3ng RF 433Mhz, T\u1ee7 n\u00e0y c\u00f3 2 ch\u1ebf \u0111\u1ed9 tay v\u00e0 remote, \u0111\u00e8n b\u00e1o pha ngu\u1ed3n v\u00e0o, \u0111\u00e8n b\u00e1o \u0111\u1ecf b\u00e1o s\u1ef1 c\u1ed1 motor .","breadcrumb":{"@id":"https:\/\/sanphang.com\/?product=tu-dieu-khien-bien-tan-remote#breadcrumb"},"inLanguage":"vi","potentialAction":[{"@type":"ReadAction","target":["https:\/\/sanphang.com\/?product=tu-dieu-khien-bien-tan-remote"]}]},{"@type":"BreadcrumbList","@id":"https:\/\/sanphang.com\/?product=tu-dieu-khien-bien-tan-remote#breadcrumb","itemListElement":[{"@type":"ListItem","position":1,"name":"Home","item":"https:\/\/sanphang.com\/"},{"@type":"ListItem","position":2,"name":"Shop","item":"https:\/\/sanphang.com\/?page_id=101"},{"@type":"ListItem","position":3,"name":"T\u1ee7 \u0111i\u1ec1u khi\u1ec3n bi\u1ebfn t\u1ea7n remote"}]},{"@type":"WebSite","@id":"https:\/\/sanphang.com\/#website","url":"https:\/\/sanphang.com\/","name":"","description":"THEGIOITUDIEN","potentialAction":[{"@type":"SearchAction","target":{"@type":"EntryPoint","urlTemplate":"https:\/\/sanphang.com\/?s={search_term_string}"},"query-input":"required name=search_term_string"}],"inLanguage":"vi"}]}},"_links":{"self":[{"href":"https:\/\/sanphang.com\/index.php?rest_route=\/wp\/v2\/product\/150","targetHints":{"allow":["GET"]}}],"collection":[{"href":"https:\/\/sanphang.com\/index.php?rest_route=\/wp\/v2\/product"}],"about":[{"href":"https:\/\/sanphang.com\/index.php?rest_route=\/wp\/v2\/types\/product"}],"replies":[{"embeddable":true,"href":"https:\/\/sanphang.com\/index.php?rest_route=%2Fwp%2Fv2%2Fcomments&post=150"}],"wp:featuredmedia":[{"embeddable":true,"href":"https:\/\/sanphang.com\/index.php?rest_route=\/wp\/v2\/media\/151"}],"wp:attachment":[{"href":"https:\/\/sanphang.com\/index.php?rest_route=%2Fwp%2Fv2%2Fmedia&parent=150"}],"wp:term":[{"taxonomy":"product_cat","embeddable":true,"href":"https:\/\/sanphang.com\/index.php?rest_route=%2Fwp%2Fv2%2Fproduct_cat&post=150"},{"taxonomy":"product_tag","embeddable":true,"href":"https:\/\/sanphang.com\/index.php?rest_route=%2Fwp%2Fv2%2Fproduct_tag&post=150"}],"curies":[{"name":"wp","href":"https:\/\/api.w.org\/{rel}","templated":true}]}}