{"id":139,"date":"2023-06-27T13:43:41","date_gmt":"2023-06-27T13:43:41","guid":{"rendered":"https:\/\/sanphang.com\/?post_type=product&#038;p=139"},"modified":"2023-06-29T08:09:23","modified_gmt":"2023-06-29T08:09:23","slug":"tu-dieu-khien-1-bom-3-van-bluetooth","status":"publish","type":"product","link":"https:\/\/sanphang.com\/?product=tu-dieu-khien-1-bom-3-van-bluetooth","title":{"rendered":"T\u1ee7 \u0111i\u1ec1u khi\u1ec3n b\u01a1m Bluetooth"},"content":{"rendered":"<p>T\u1ee7 \u0111i\u1ec1u khi\u1ec3n b\u01a1m Bluetooth v\u1edbi app t\u00edch h\u1ee3p l\u1ecbch h\u1eb9n gi\u1edd t\u01b0\u1edbi, 2 ch\u1ebf \u0111\u1ed9 tay v\u00e0 t\u1ef1 \u0111\u1ed9ng, c\u1ea3m bi\u1ebfn \u0111o l\u01b0u l\u01b0\u1ee3ng t\u01b0\u1edbi<\/p>\n<p>B\u1ed9 \u0111i\u1ec1u khi\u1ec3n DIY\u00a0 \u0111\u01b0\u1ee3c ph\u00e1t tri\u1ec3n t\u1eeb c\u00e1c module t\u00edch h\u1ee3p, gi\u00fap thay th\u1ebf b\u1ed5 sung d\u1ec5 d\u00e0ng.<\/p>\n<h2>M\u00d4 T\u1ea2<\/h2>\n<p>B\u1ed9 thi\u1ebft b\u1ecb g\u1ed3m:<\/p>\n<ul>\n<li>B\u01a1m Panasonic t\u0103ng \u00e1p 125W<\/li>\n<li>3 van solenoid \u1ed1ng phi 21 l\u1eafp gh\u00e9p d\u1ea1ng racco<\/li>\n<li>C\u1ea3m bi\u1ebfn l\u01b0u l\u01b0\u1ee3ng max 150 l\u00edt \/ ph\u00fat<\/li>\n<li>2 ch\u1ebf \u0111\u1ed9 tay v\u00e0 remote<\/li>\n<li>Tr\u1ecdn b\u1ed9 g\u1ed3m b\u01a1m, c\u1ea3m bi\u1ebfn l\u01b0u l\u01b0\u1ee3ng, 3 van solenoid, ph\u1ea7n m\u1ec1m,<\/li>\n<\/ul>\n<p>B\u01a1m t\u0103ng \u00e1p Panasonic t\u0103ng \u00e1p 125W b\u1ec1n b\u1ec9 v\u1edbi c\u1ea3m bi\u1ebfn \u00e1p su\u1ea5t \u0111\u01b0\u1ee3c t\u00edch h\u1ee3p \u0111\u1ec3 b\u1ea3o v\u1ec7 \u0111\u01b0\u1eddng \u1ed1ng<\/p>\n<p>Lo\u1ea1i b\u01a1m n\u00e0y \u0111\u01b0\u1ee3c thi\u1ebft k\u1ebf c\u00e1nh qu\u1ea1t v\u00e0 ph\u1ea7n gu\u1ed3ng b\u01a1m b\u1eb1ng \u0111\u1ed3ng gi\u00fap gi\u1ea3m nhi\u1ec7t t\u1ed1t, \u0111\u1ed9 b\u1ec1n cao, kh\u1ea3 n\u0103ng \u0103n m\u00f2n th\u1ea5p.<\/p>\n<p>L\u00f5i motor b\u1ec1n b\u1ec9 t\u1eeb c\u00f4ng ngh\u1ec7 Nh\u1eadt B\u1ea3n.<\/p>\n<h2><strong>\u0110\u1eb6C T\u00cdNH<\/strong><\/h2>\n<p>C\u00f4ng su\u1ea5t ti\u00eau th\u1ee5 125W<\/p>\n<p>Van solenoid c\u00f4ng su\u1ea5t ti\u00eau th\u1ee5 5w kh\u1ea3 n\u0103ng ch\u1ed1ng n\u01b0\u1edbc t\u1ed1t, b\u1ec1n b\u1ec9 theo th\u1eddi gian<\/p>\n<p>C\u1ea3m bi\u1ebfn \u0111o l\u01b0u l\u01b0\u1ee3ng theo nguy\u00ean l\u00fd v\u00f2ng quay n\u00ean \u0111\u1ed9 ch\u00ednh x\u00e1c cao.<\/p>\n<h2><strong>PH\u1ea6N M\u1ec0M S\u1eee D\u1ee4NG<\/strong><\/h2>\n<p>T\u1ee7 \u0111i\u1ec1u khi\u1ec3n b\u01a1m Bluetooth s\u1eef d\u1ee5ng ph\u1ea7n m\u1ec1m t\u00edch h\u1ee3p cho Android, ph\u1ea7n m\u1ec1m n\u00e0y ch\u1ec9 c\u00f3 t\u00e1c d\u1ee5ng k\u1ebft n\u1ed1i v\u1edbi thi\u1ebft b\u1ecb qua bluetooth \u0111\u1ec3 \u0111i\u1ec1u khi\u1ec3n thi\u1ebft b\u1ecb, ngo\u00e0i ra ko g\u1eedi b\u1ea5t c\u1ee9 th\u00f4ng tin n\u00e0o kh\u00e1c.<\/p>\n<p>B\u1ed9 thi\u1ebft b\u1ecb n\u00e0y s\u1eef d\u1ee5ng ph\u1ea7n m\u1ec1m c\u00f3 t\u00ean g\u1ecdi &#8220;Bom nuoc&#8221;&#8216; tr\u00ean ch\u1ee3 CH PLay, t\u01b0\u01a1ng th\u00edch v\u1edbi t\u1ea5t c\u1ea3 c\u00e1c d\u00f2ng Android t\u1eeb Android 9 \u0111\u1ebfn Android 12<\/p>\n<p><img loading=\"lazy\" decoding=\"async\" class=\"alignnone size-medium wp-image-143\" src=\"https:\/\/sanphang.com\/wp-content\/uploads\/2023\/06\/CH-PLAY-bom-nuoc-300x194.png\" alt=\"Ph\u1ea7n m\u1ec1m b\u01a1m n\u01b0\u1edbc bluetooth\" width=\"300\" height=\"194\" srcset=\"https:\/\/sanphang.com\/wp-content\/uploads\/2023\/06\/CH-PLAY-bom-nuoc-300x194.png 300w, https:\/\/sanphang.com\/wp-content\/uploads\/2023\/06\/CH-PLAY-bom-nuoc.png 536w\" sizes=\"auto, (max-width: 300px) 100vw, 300px\" \/>\u00a0 \u00a0 <img loading=\"lazy\" decoding=\"async\" class=\"alignnone size-medium wp-image-144\" src=\"https:\/\/sanphang.com\/wp-content\/uploads\/2023\/06\/Screenshot_20230120-135424-135x300.jpg\" alt=\"Ph\u1ea7n m\u1ec1m b\u01a1m n\u01b0\u1edbc bluetooth\" width=\"135\" height=\"300\" srcset=\"https:\/\/sanphang.com\/wp-content\/uploads\/2023\/06\/Screenshot_20230120-135424-135x300.jpg 135w, https:\/\/sanphang.com\/wp-content\/uploads\/2023\/06\/Screenshot_20230120-135424-461x1024.jpg 461w, https:\/\/sanphang.com\/wp-content\/uploads\/2023\/06\/Screenshot_20230120-135424-691x1536.jpg 691w, https:\/\/sanphang.com\/wp-content\/uploads\/2023\/06\/Screenshot_20230120-135424-600x1333.jpg 600w, https:\/\/sanphang.com\/wp-content\/uploads\/2023\/06\/Screenshot_20230120-135424.jpg 720w\" sizes=\"auto, (max-width: 135px) 100vw, 135px\" \/>\u00a0 \u00a0<img loading=\"lazy\" decoding=\"async\" class=\"alignnone size-medium wp-image-145\" src=\"https:\/\/sanphang.com\/wp-content\/uploads\/2023\/06\/Screenshot_20230120-135439-135x300.jpg\" alt=\"Ph\u1ea7n m\u1ec1m b\u01a1m n\u01b0\u1edbc bluetooth \" width=\"135\" height=\"300\" srcset=\"https:\/\/sanphang.com\/wp-content\/uploads\/2023\/06\/Screenshot_20230120-135439-135x300.jpg 135w, https:\/\/sanphang.com\/wp-content\/uploads\/2023\/06\/Screenshot_20230120-135439-461x1024.jpg 461w, https:\/\/sanphang.com\/wp-content\/uploads\/2023\/06\/Screenshot_20230120-135439-691x1536.jpg 691w, https:\/\/sanphang.com\/wp-content\/uploads\/2023\/06\/Screenshot_20230120-135439-600x1333.jpg 600w, https:\/\/sanphang.com\/wp-content\/uploads\/2023\/06\/Screenshot_20230120-135439.jpg 720w\" sizes=\"auto, (max-width: 135px) 100vw, 135px\" \/><\/p>\n<h2><strong>PH\u1ea0M VI \u1ee8NG D\u1ee4NG<\/strong><\/h2>\n<p>B\u1ed9 thi\u1ebft b\u1ecb n\u00e0y \u0111\u01b0\u1ee3c s\u1eef d\u1ee5ng trong c\u00e1c tr\u1ea1m b\u01a1m t\u01b0\u1edbi hoa m\u00e0u, v\u1edbi nhi\u1ec1u nh\u00e1nh t\u01b0\u1edbi. c\u1ea3m bi\u1ebfn l\u01b0u l\u01b0\u1ee3ng t\u00edch h\u1ee3p gi\u00fap \u0111\u00e1nh gi\u00e1 ch\u00ednh x\u00e1c kh\u1ea3 n\u0103ng cung c\u1ea5p n\u01b0\u1edbc cho t\u1eebng nh\u00e1nh.<\/p>\n<p>Thi\u1ebft k\u1ebf tr\u1ecdn b\u1ed9 l\u1eafp \u0111\u1eb7t d\u1ec5 d\u00e0ng, ph\u1ea7n m\u1ec1m \u0111\u01a1n gi\u1ea3n. C\u00f3 th\u1ec3 \u0111i\u1ec1u khi\u1ec3n tr\u1ef1c ti\u1ebfp\u00a0 tr\u00ean t\u1ee7 l\u00e0 s\u1ef1 l\u1ef1a ch\u1ecdn ph\u00f9 h\u1ee3p cho m\u1ecdi ng\u01b0\u1eddi.<\/p>\n<p>Khi ngh\u0129 \u0111\u1ebfn c\u00e1c h\u1ec7 th\u1ed1ng t\u01b0\u1edbi ph\u1ee9c t\u1ea1p, \u0111i\u1ec1u \u0111\u1ea7u ti\u00ean l\u00e0 c\u1ea7n l\u00e0m \u0111\u01a1n gi\u1ea3n h\u00f3a b\u1eb1ng thi\u1ebft k\u1ebf c\u00e1c c\u1ee5m \u0111\u1ed9c l\u1eadp, c\u00f3 th\u1ec3 theo d\u00f5i qua app, v\u00e0 \u1edf tr\u01b0\u1eddng h\u1ee3p kh\u1ea9n c\u1ea5p c\u00f3 th\u1ec3 can thi\u1ec7p b\u1eb1ng tay.<\/p>\n<h2>CH\u00cdNH S\u00c1CH B\u1ea2O H\u00c0NH<\/h2>\n<p>Tr\u1ecdn b\u1ed9 thi\u1ebft b\u1ecb b\u1ea3o h\u00e0nh 6 th\u00e1ng, ri\u00eang motor theo ch\u00ednh s\u00e1ch b\u1ea3o h\u00e0nh c\u1ee7a h\u00e3ng Panasonic c\u00f3 k\u00e8m phi\u1ec1u b\u1ea3o h\u00e0nh.<\/p>\n<p><iframe loading=\"lazy\" title=\"T\u1ee7 \u0111i\u1ec1u khi\u1ec3n 1 b\u01a1m 3 van bluetooth v\u1edbi giao di\u1ec7n th\u00e2n thi\u1ec7n, t\u00edch h\u1ee3p l\u1ecbch h\u1eb9n gi\u1edd b\u01a1m\" width=\"500\" height=\"281\" src=\"https:\/\/www.youtube.com\/embed\/8QXp6a8s4EU?feature=oembed\" frameborder=\"0\" allow=\"accelerometer; autoplay; clipboard-write; encrypted-media; gyroscope; picture-in-picture; web-share\" referrerpolicy=\"strict-origin-when-cross-origin\" allowfullscreen><\/iframe><\/p>\n<h2>T\u00c0I LI\u1ec6U<\/h2>\n<p><a href=\"https:\/\/sanphang.com\/wp-content\/uploads\/2023\/06\/BO-DIEU-KHIEN-1-BOM-3-VAN-cataloge.pdf\">B\u1ed8 \u0110I\u1ec0U KHI\u1ec2N 1 B\u01a0M 3 VAN cataloge<\/a><\/p>\n","protected":false},"excerpt":{"rendered":"<p>T\u1ee7 \u0111i\u1ec1u khi\u1ec3n b\u01a1m Bluetooth v\u1edbi app t\u00edch h\u1ee3p l\u1ecbch h\u1eb9n gi\u1edd t\u01b0\u1edbi, 2 ch\u1ebf \u0111\u1ed9 tay v\u00e0 t\u1ef1 \u0111\u1ed9ng, c\u1ea3m bi\u1ebfn \u0111o l\u01b0u l\u01b0\u1ee3ng t\u01b0\u1edbi B\u1ed9 \u0111i\u1ec1u khi\u1ec3n DIY\u00a0 \u0111\u01b0\u1ee3c ph\u00e1t tri\u1ec3n t\u1eeb c\u00e1c module t\u00edch h\u1ee3p, gi\u00fap thay th\u1ebf b\u1ed5 sung d\u1ec5 d\u00e0ng. M\u00d4 T\u1ea2 B\u1ed9 thi\u1ebft b\u1ecb g\u1ed3m: B\u01a1m Panasonic t\u0103ng \u00e1p [&hellip;]<\/p>\n","protected":false},"featured_media":140,"comment_status":"open","ping_status":"closed","template":"","meta":[],"product_cat":[35],"product_tag":[],"class_list":{"0":"post-139","1":"product","2":"type-product","3":"status-publish","4":"has-post-thumbnail","6":"product_cat-tu-dieu-khien-bom","8":"first","9":"instock","10":"sale","11":"shipping-taxable","12":"purchasable","13":"product-type-simple"},"yoast_head":"<!-- This site is optimized with the Yoast SEO plugin v20.9 - https:\/\/yoast.com\/wordpress\/plugins\/seo\/ -->\n<title>T\u1ee7 \u0111i\u1ec1u khi\u1ec3n b\u01a1m Bluetooth -<\/title>\n<meta name=\"description\" content=\"T\u1ee7 \u0111i\u1ec1u khi\u1ec3n b\u01a1m Bluetooth \u0111\u01b0\u1ee3c \u0111i\u1ec1u khi\u1ec3n bluetooth v\u00e0 l\u1ecbch h\u1eb9n gi\u1edd t\u01b0\u1edbi, \u0111i\u1ec1u khi\u1ec3n theo l\u1ecbch ho\u1eb7c \u0111\u1ed9c l\u1eadp, gi\u00e1m s\u00e1t b\u1eb1ng c\u1ea3m bi\u1ebfn l\u01b0u l\u01b0\u1ee3ng\" \/>\n<meta name=\"robots\" content=\"index, follow, max-snippet:-1, max-image-preview:large, max-video-preview:-1\" \/>\n<link rel=\"canonical\" href=\"https:\/\/sanphang.com\/?product=tu-dieu-khien-1-bom-3-van-bluetooth\" \/>\n<meta property=\"og:locale\" content=\"vi_VN\" \/>\n<meta property=\"og:type\" content=\"article\" \/>\n<meta property=\"og:title\" content=\"T\u1ee7 \u0111i\u1ec1u khi\u1ec3n b\u01a1m Bluetooth -\" \/>\n<meta property=\"og:description\" content=\"T\u1ee7 \u0111i\u1ec1u khi\u1ec3n b\u01a1m Bluetooth \u0111\u01b0\u1ee3c \u0111i\u1ec1u khi\u1ec3n bluetooth v\u00e0 l\u1ecbch h\u1eb9n gi\u1edd t\u01b0\u1edbi, \u0111i\u1ec1u khi\u1ec3n theo l\u1ecbch ho\u1eb7c \u0111\u1ed9c l\u1eadp, gi\u00e1m s\u00e1t b\u1eb1ng c\u1ea3m bi\u1ebfn l\u01b0u l\u01b0\u1ee3ng\" \/>\n<meta property=\"og:url\" content=\"https:\/\/sanphang.com\/?product=tu-dieu-khien-1-bom-3-van-bluetooth\" \/>\n<meta property=\"article:publisher\" content=\"https:\/\/www.facebook.com\/thegioitudien\" \/>\n<meta property=\"article:modified_time\" content=\"2023-06-29T08:09:23+00:00\" \/>\n<meta property=\"og:image\" content=\"https:\/\/sanphang.com\/wp-content\/uploads\/2023\/06\/Tu-dieu-khien-1-bom-3-van-bluetooth.jpg\" \/>\n\t<meta property=\"og:image:width\" content=\"1920\" \/>\n\t<meta property=\"og:image:height\" content=\"2560\" \/>\n\t<meta property=\"og:image:type\" content=\"image\/jpeg\" \/>\n<meta name=\"twitter:card\" content=\"summary_large_image\" \/>\n<meta name=\"twitter:label1\" content=\"\u01af\u1edbc t\u00ednh th\u1eddi gian \u0111\u1ecdc\" \/>\n\t<meta name=\"twitter:data1\" content=\"3 ph\u00fat\" \/>\n<script type=\"application\/ld+json\" class=\"yoast-schema-graph\">{\"@context\":\"https:\/\/schema.org\",\"@graph\":[{\"@type\":\"WebPage\",\"@id\":\"https:\/\/sanphang.com\/?product=tu-dieu-khien-1-bom-3-van-bluetooth\",\"url\":\"https:\/\/sanphang.com\/?product=tu-dieu-khien-1-bom-3-van-bluetooth\",\"name\":\"T\u1ee7 \u0111i\u1ec1u khi\u1ec3n b\u01a1m Bluetooth -\",\"isPartOf\":{\"@id\":\"https:\/\/sanphang.com\/#website\"},\"datePublished\":\"2023-06-27T13:43:41+00:00\",\"dateModified\":\"2023-06-29T08:09:23+00:00\",\"description\":\"T\u1ee7 \u0111i\u1ec1u khi\u1ec3n b\u01a1m Bluetooth \u0111\u01b0\u1ee3c \u0111i\u1ec1u khi\u1ec3n bluetooth v\u00e0 l\u1ecbch h\u1eb9n gi\u1edd t\u01b0\u1edbi, \u0111i\u1ec1u khi\u1ec3n theo l\u1ecbch ho\u1eb7c \u0111\u1ed9c l\u1eadp, gi\u00e1m s\u00e1t b\u1eb1ng c\u1ea3m bi\u1ebfn l\u01b0u l\u01b0\u1ee3ng\",\"breadcrumb\":{\"@id\":\"https:\/\/sanphang.com\/?product=tu-dieu-khien-1-bom-3-van-bluetooth#breadcrumb\"},\"inLanguage\":\"vi\",\"potentialAction\":[{\"@type\":\"ReadAction\",\"target\":[\"https:\/\/sanphang.com\/?product=tu-dieu-khien-1-bom-3-van-bluetooth\"]}]},{\"@type\":\"BreadcrumbList\",\"@id\":\"https:\/\/sanphang.com\/?product=tu-dieu-khien-1-bom-3-van-bluetooth#breadcrumb\",\"itemListElement\":[{\"@type\":\"ListItem\",\"position\":1,\"name\":\"Home\",\"item\":\"https:\/\/sanphang.com\/\"},{\"@type\":\"ListItem\",\"position\":2,\"name\":\"Shop\",\"item\":\"https:\/\/sanphang.com\/?page_id=101\"},{\"@type\":\"ListItem\",\"position\":3,\"name\":\"T\u1ee7 \u0111i\u1ec1u khi\u1ec3n b\u01a1m Bluetooth\"}]},{\"@type\":\"WebSite\",\"@id\":\"https:\/\/sanphang.com\/#website\",\"url\":\"https:\/\/sanphang.com\/\",\"name\":\"\",\"description\":\"THEGIOITUDIEN\",\"potentialAction\":[{\"@type\":\"SearchAction\",\"target\":{\"@type\":\"EntryPoint\",\"urlTemplate\":\"https:\/\/sanphang.com\/?s={search_term_string}\"},\"query-input\":\"required name=search_term_string\"}],\"inLanguage\":\"vi\"}]}<\/script>\n<!-- \/ Yoast SEO plugin. -->","yoast_head_json":{"title":"T\u1ee7 \u0111i\u1ec1u khi\u1ec3n b\u01a1m Bluetooth -","description":"T\u1ee7 \u0111i\u1ec1u khi\u1ec3n b\u01a1m Bluetooth \u0111\u01b0\u1ee3c \u0111i\u1ec1u khi\u1ec3n bluetooth v\u00e0 l\u1ecbch h\u1eb9n gi\u1edd t\u01b0\u1edbi, \u0111i\u1ec1u khi\u1ec3n theo l\u1ecbch ho\u1eb7c \u0111\u1ed9c l\u1eadp, gi\u00e1m s\u00e1t b\u1eb1ng c\u1ea3m bi\u1ebfn l\u01b0u l\u01b0\u1ee3ng","robots":{"index":"index","follow":"follow","max-snippet":"max-snippet:-1","max-image-preview":"max-image-preview:large","max-video-preview":"max-video-preview:-1"},"canonical":"https:\/\/sanphang.com\/?product=tu-dieu-khien-1-bom-3-van-bluetooth","og_locale":"vi_VN","og_type":"article","og_title":"T\u1ee7 \u0111i\u1ec1u khi\u1ec3n b\u01a1m Bluetooth -","og_description":"T\u1ee7 \u0111i\u1ec1u khi\u1ec3n b\u01a1m Bluetooth \u0111\u01b0\u1ee3c \u0111i\u1ec1u khi\u1ec3n bluetooth v\u00e0 l\u1ecbch h\u1eb9n gi\u1edd t\u01b0\u1edbi, \u0111i\u1ec1u khi\u1ec3n theo l\u1ecbch ho\u1eb7c \u0111\u1ed9c l\u1eadp, gi\u00e1m s\u00e1t b\u1eb1ng c\u1ea3m bi\u1ebfn l\u01b0u l\u01b0\u1ee3ng","og_url":"https:\/\/sanphang.com\/?product=tu-dieu-khien-1-bom-3-van-bluetooth","article_publisher":"https:\/\/www.facebook.com\/thegioitudien","article_modified_time":"2023-06-29T08:09:23+00:00","og_image":[{"width":1920,"height":2560,"url":"https:\/\/sanphang.com\/wp-content\/uploads\/2023\/06\/Tu-dieu-khien-1-bom-3-van-bluetooth.jpg","type":"image\/jpeg"}],"twitter_card":"summary_large_image","twitter_misc":{"\u01af\u1edbc t\u00ednh th\u1eddi gian \u0111\u1ecdc":"3 ph\u00fat"},"schema":{"@context":"https:\/\/schema.org","@graph":[{"@type":"WebPage","@id":"https:\/\/sanphang.com\/?product=tu-dieu-khien-1-bom-3-van-bluetooth","url":"https:\/\/sanphang.com\/?product=tu-dieu-khien-1-bom-3-van-bluetooth","name":"T\u1ee7 \u0111i\u1ec1u khi\u1ec3n b\u01a1m Bluetooth -","isPartOf":{"@id":"https:\/\/sanphang.com\/#website"},"datePublished":"2023-06-27T13:43:41+00:00","dateModified":"2023-06-29T08:09:23+00:00","description":"T\u1ee7 \u0111i\u1ec1u khi\u1ec3n b\u01a1m Bluetooth \u0111\u01b0\u1ee3c \u0111i\u1ec1u khi\u1ec3n bluetooth v\u00e0 l\u1ecbch h\u1eb9n gi\u1edd t\u01b0\u1edbi, \u0111i\u1ec1u khi\u1ec3n theo l\u1ecbch ho\u1eb7c \u0111\u1ed9c l\u1eadp, gi\u00e1m s\u00e1t b\u1eb1ng c\u1ea3m bi\u1ebfn l\u01b0u l\u01b0\u1ee3ng","breadcrumb":{"@id":"https:\/\/sanphang.com\/?product=tu-dieu-khien-1-bom-3-van-bluetooth#breadcrumb"},"inLanguage":"vi","potentialAction":[{"@type":"ReadAction","target":["https:\/\/sanphang.com\/?product=tu-dieu-khien-1-bom-3-van-bluetooth"]}]},{"@type":"BreadcrumbList","@id":"https:\/\/sanphang.com\/?product=tu-dieu-khien-1-bom-3-van-bluetooth#breadcrumb","itemListElement":[{"@type":"ListItem","position":1,"name":"Home","item":"https:\/\/sanphang.com\/"},{"@type":"ListItem","position":2,"name":"Shop","item":"https:\/\/sanphang.com\/?page_id=101"},{"@type":"ListItem","position":3,"name":"T\u1ee7 \u0111i\u1ec1u khi\u1ec3n b\u01a1m Bluetooth"}]},{"@type":"WebSite","@id":"https:\/\/sanphang.com\/#website","url":"https:\/\/sanphang.com\/","name":"","description":"THEGIOITUDIEN","potentialAction":[{"@type":"SearchAction","target":{"@type":"EntryPoint","urlTemplate":"https:\/\/sanphang.com\/?s={search_term_string}"},"query-input":"required name=search_term_string"}],"inLanguage":"vi"}]}},"_links":{"self":[{"href":"https:\/\/sanphang.com\/index.php?rest_route=\/wp\/v2\/product\/139","targetHints":{"allow":["GET"]}}],"collection":[{"href":"https:\/\/sanphang.com\/index.php?rest_route=\/wp\/v2\/product"}],"about":[{"href":"https:\/\/sanphang.com\/index.php?rest_route=\/wp\/v2\/types\/product"}],"replies":[{"embeddable":true,"href":"https:\/\/sanphang.com\/index.php?rest_route=%2Fwp%2Fv2%2Fcomments&post=139"}],"wp:featuredmedia":[{"embeddable":true,"href":"https:\/\/sanphang.com\/index.php?rest_route=\/wp\/v2\/media\/140"}],"wp:attachment":[{"href":"https:\/\/sanphang.com\/index.php?rest_route=%2Fwp%2Fv2%2Fmedia&parent=139"}],"wp:term":[{"taxonomy":"product_cat","embeddable":true,"href":"https:\/\/sanphang.com\/index.php?rest_route=%2Fwp%2Fv2%2Fproduct_cat&post=139"},{"taxonomy":"product_tag","embeddable":true,"href":"https:\/\/sanphang.com\/index.php?rest_route=%2Fwp%2Fv2%2Fproduct_tag&post=139"}],"curies":[{"name":"wp","href":"https:\/\/api.w.org\/{rel}","templated":true}]}}