{"id":109,"date":"2023-06-26T07:33:09","date_gmt":"2023-06-26T07:33:09","guid":{"rendered":"https:\/\/sanphang.com\/?post_type=product&#038;p=109"},"modified":"2023-06-29T08:11:51","modified_gmt":"2023-06-29T08:11:51","slug":"tu-dieu-khien-bom-tuoi","status":"publish","type":"product","link":"https:\/\/sanphang.com\/?product=tu-dieu-khien-bom-tuoi","title":{"rendered":"T\u1ee7 \u0111i\u1ec1u khi\u1ec3n motor 10kw 2 ch\u1ebf \u0111\u1ed9 tay v\u00e0 remote"},"content":{"rendered":"<p>T\u1ee7 \u0111i\u1ec1u khi\u1ec3n motor 10kw 2 ch\u1ebf \u0111\u1ed9 tay v\u00e0 remote 3 pha 380v b\u1ea3o v\u1ec7 pha, b\u1ea3o v\u1ec7 qu\u00e1 t\u1ea3i.<\/p>\n<p>Gi\u00fap \u0111i\u1ec1u khi\u1ec3n c\u00e1c motor 3 pha 380v c\u00f4ng su\u1ea5t 10kw<\/p>\n<h2>M\u00d4 T\u1ea2<\/h2>\n<p>T\u1ee7 \u0111i\u1ec1u khi\u1ec3n motor 10kw\u00a0 v\u1edbi 2 ch\u1ebf \u0111\u1ed9 \u0111i\u1ec1u khi\u1ec3n b\u1eb1ng tay v\u00e0 remote ti\u1ec7n d\u1ee5ng cho vi\u1ec7c \u0111i\u1ec1u khi\u1ec3n motor \u1edf kho\u1ea3n c\u00e1ch ngay t\u1ee7 \u0111i\u1ec1u khi\u1ec3n v\u00e0 \u1edf kho\u1ea3n c\u00e1ch xa l\u00ean \u0111\u1ebfn 3km trong \u0111i\u1ec1u ki\u1ec7n t\u1ed1t kh\u00f4ng v\u1eadt c\u1ea3n.<\/p>\n<p>T\u1ee7 \u0111\u01b0\u1ee3c thi\u1ebft k\u1ebf k\u00edn n\u01b0\u1edbc IP65 ph\u00f9 h\u1ee3p cho h\u1ec7 th\u1ed1ng ngo\u00e0i tr\u1eddi. V\u1ecf t\u1ee7\u00a0 b\u1eb1ng nh\u1ef1a ABS t\u1eeb LIOA\u00a0 c\u00f3 th\u1ec3 ch\u1ed1ng r\u00f2 \u0111i\u1ec7n t\u1eeb trong t\u1ee7 ho\u1eb7c ngo\u00e0i t\u1ee7.<\/p>\n<p>B\u1ed9 thi\u1ebft b\u1ecb trong t\u1ee7 g\u1ed3m MCCB 3 pha Japan, Kh\u1edfi \u0111\u1ed9ng t\u1eeb Mitsu, b\u1ea3o v\u1ec7 pha CHINT , relay b\u1ea3o v\u1ec7 qu\u00e1 t\u1ea3i.<\/p>\n<p>B\u00ean ngo\u00e0i l\u00e0 c\u1ee5m 3 \u0111\u00e8n b\u00e1o pha xanh, \u0111\u1ecf, v\u00e0ng. \u0110\u00e8n b\u00e1o ch\u1ea1y m\u00e0u xanh, b\u00e1o s\u1ef1 c\u1ed1 m\u00e0u \u0111\u1ecf. C\u00f4ng t\u1eafc g\u1ea1t 3 v\u1ecb tr\u00ed<\/p>\n<p><strong>\u0110\u1eb6C T\u00cdNH<\/strong><\/p>\n<ul>\n<li>Ngu\u1ed3n c\u1ea5p 3 d\u00e2y x 1 d\u00e2y trung t\u00ednh<\/li>\n<li>T\u1ea3i motor 10kw motor 3 pha 380v<\/li>\n<li>B\u1ea3o v\u1ec7 m\u1ea5t pha, ng\u01b0\u1ee3c pha<\/li>\n<li>B\u1ea3o v\u1ec7 qu\u00e1 t\u1ea3i.<\/li>\n<li>\u0110\u00e8n b\u00e1o pha xanh, \u0111\u1ecf, v\u00e0ng<\/li>\n<li>\u0110\u00e8n b\u00e1o s\u1ef1 c\u1ed1<\/li>\n<li>\u0110\u00e8n b\u00e1o ch\u1ea1y<\/li>\n<\/ul>\n<p>Nguy\u00ean l\u00fd b\u1ed9 b\u1ea3o v\u1ec7 qua t\u1ea3i trong t\u1ee7 \u0111i\u1ec7n: Thi\u1ebft b\u1ecb b\u1ea3o v\u1ec7 qu\u00e1 t\u1ea3i \u0111\u01b0\u1ee3c ch\u1ebf t\u1ea1o d\u1ef1a tr\u00ean hi\u1ec7n t\u01b0\u1ee3ng d\u00e3n n\u1edf, co ng\u00f3t v\u1ec1 nhi\u1ec7t c\u1ee7a v\u1eadt li\u00eau kim lo\u1ea1i. Khi b\u1ecb \u0111\u1ed1t n\u00f3ng, c\u00e1c mi\u1ebfng kin lo\u1ea1i b\u1eaft \u0111\u1ea7u d\u00e3n n\u1edf, l\u00e0m h\u1edf ti\u1ebfp \u0111i\u1ec3m d\u1eabn \u0111i\u1ec7n.<\/p>\n<p>L\u00fac b\u1ecb qu\u00e1 t\u1ea3i do nhi\u1ec7t, c\u1eb7p ti\u1ebfp \u0111i\u1ec3m th\u01b0\u1eddng h\u1edf s\u1ebd \u0111\u00f3ng l\u1ea1i, c\u00e1c ti\u1ebfp \u0111i\u1ec3m th\u01b0\u1eddng \u0111\u00f3ng s\u1ebd h\u1edf ra. C\u1eb7p ti\u1ebfp \u0111i\u1ec3m th\u01b0\u1eddng \u0111\u00f3ng s\u1ebd d\u00f9ng \u0111\u1ec3 \u0111i\u1ec1u khi\u1ec3n kh\u1edfi \u0111\u1ed9ng t\u1eeb.<\/p>\n<p><strong>\u1ee8NG D\u1ee4NG<\/strong><\/p>\n<p>Motor b\u01a1m t\u01b0\u1edbi 10kw cho h\u1ec7 th\u1ed1ng b\u01a1m n\u01b0\u1edbc t\u01b0\u1edbi c\u00f4ng su\u1ea5t l\u1edbn, v\u1edbi 2 ch\u1ebf \u0111\u1ed9 tay v\u00e0 remote thu\u1eadn ti\u1ec7n cho c\u00e1c r\u1eaby cafe hay s\u1ea7u ri\u00eang.<\/p>\n<p>T\u1ee7 c\u00f3 th\u1ec3 \u0111\u01b0\u1ee3c d\u00f9ng \u0111\u1ec3 \u0111i\u1ec1u khi\u1ec3n motor b\u0103ng t\u1ea3i l\u1ea5y h\u00e0ng v\u00e0o kho.<\/p>\n<p><iframe loading=\"lazy\" title=\"T\u1ee7 \u0111i\u1ec1u khi\u1ec3n motor 10kw 3 pha 380v, 2 ch\u1ebf \u0111\u1ed9 tay remote, b\u1ea3o v\u1ec7 pha, b\u1ea3o v\u1ec7 qu\u00e1 t\u1ea3i\" width=\"500\" height=\"281\" src=\"https:\/\/www.youtube.com\/embed\/abRDAauboWY?feature=oembed\" frameborder=\"0\" allow=\"accelerometer; autoplay; clipboard-write; encrypted-media; gyroscope; picture-in-picture; web-share\" referrerpolicy=\"strict-origin-when-cross-origin\" allowfullscreen><\/iframe><\/p>\n<p><strong>T\u00c0I LI\u1ec6U<\/strong><\/p>\n<p><a href=\"https:\/\/www.teq.tn\/images\/produit\/XJ3.pdf\">Relay b\u1ea3o v\u1ec7 pha XJ3-G<\/a><\/p>\n<p><strong>CH\u1ebe \u0110\u1ed8 B\u1ea2O H\u00c0NH<\/strong><\/p>\n<p>Tr\u1ecdn b\u1ed9 s\u1ea3n ph\u1ea9m b\u1ea3o h\u00e0nh 6 th\u00e1ng, 1 \u0111\u1ed5i 1<\/p>\n<p>TH\u00d4NG TIN LI\u00caN H\u1ec6<\/p>\n<p>0977.780.787<\/p>\n","protected":false},"excerpt":{"rendered":"<p>T\u1ee7 \u0111i\u1ec1u khi\u1ec3n motor 10kw 3 pha 380v 2 ch\u1ebf \u0111\u1ed9 tay v\u00e0 remote b\u1ea3o v\u1ec7 pha, b\u1ea3o v\u1ec7 qu\u00e1 t\u1ea3i.<\/p>\n","protected":false},"featured_media":133,"comment_status":"open","ping_status":"closed","template":"","meta":[],"product_cat":[35],"product_tag":[],"class_list":{"0":"post-109","1":"product","2":"type-product","3":"status-publish","4":"has-post-thumbnail","6":"product_cat-tu-dieu-khien-bom","8":"first","9":"instock","10":"sale","11":"shipping-taxable","12":"purchasable","13":"product-type-simple"},"yoast_head":"<!-- This site is optimized with the Yoast SEO plugin v20.9 - https:\/\/yoast.com\/wordpress\/plugins\/seo\/ -->\n<title>T\u1ee7 \u0111i\u1ec1u khi\u1ec3n motor 10kw 2 ch\u1ebf \u0111\u1ed9 tay v\u00e0 remote -<\/title>\n<meta name=\"description\" content=\"T\u1ee7 \u0111i\u1ec1u khi\u1ec3n motor 10kw 2 ch\u1ebf \u0111\u1ed9 tay v\u00e0 remote b\u1ea3o v\u1ec7 pha, b\u1ea3o v\u1ec7 qu\u00e1 t\u1ea3i v\u1edbi v\u1ecf t\u1ee7 k\u00edn n\u01b0\u1edbc l\u00e0m t\u1eeb v\u1eadt li\u1ec7u ABS, \u0111\u00e8n b\u00e1o pha, b\u00e1o ch\u1ea1y, b\u00e1o s\u1ef1 c\u1ed1.\" \/>\n<meta name=\"robots\" content=\"index, follow, max-snippet:-1, max-image-preview:large, max-video-preview:-1\" \/>\n<link rel=\"canonical\" href=\"https:\/\/sanphang.com\/?product=tu-dieu-khien-bom-tuoi\" \/>\n<meta property=\"og:locale\" content=\"vi_VN\" \/>\n<meta property=\"og:type\" content=\"article\" \/>\n<meta property=\"og:title\" content=\"T\u1ee7 \u0111i\u1ec1u khi\u1ec3n motor 10kw 2 ch\u1ebf \u0111\u1ed9 tay v\u00e0 remote -\" \/>\n<meta property=\"og:description\" content=\"T\u1ee7 \u0111i\u1ec1u khi\u1ec3n motor 10kw 2 ch\u1ebf \u0111\u1ed9 tay v\u00e0 remote b\u1ea3o v\u1ec7 pha, b\u1ea3o v\u1ec7 qu\u00e1 t\u1ea3i v\u1edbi v\u1ecf t\u1ee7 k\u00edn n\u01b0\u1edbc l\u00e0m t\u1eeb v\u1eadt li\u1ec7u ABS, \u0111\u00e8n b\u00e1o pha, b\u00e1o ch\u1ea1y, b\u00e1o s\u1ef1 c\u1ed1.\" \/>\n<meta property=\"og:url\" content=\"https:\/\/sanphang.com\/?product=tu-dieu-khien-bom-tuoi\" \/>\n<meta property=\"article:publisher\" content=\"https:\/\/www.facebook.com\/thegioitudien\" \/>\n<meta property=\"article:modified_time\" content=\"2023-06-29T08:11:51+00:00\" \/>\n<meta property=\"og:image\" content=\"https:\/\/sanphang.com\/wp-content\/uploads\/2023\/06\/Tu-dieu-khien-motor-10kw-3-pha-2-che-do-tay-va-remote-2.jpg\" \/>\n\t<meta property=\"og:image:width\" content=\"800\" \/>\n\t<meta property=\"og:image:height\" content=\"600\" \/>\n\t<meta property=\"og:image:type\" content=\"image\/jpeg\" \/>\n<meta name=\"twitter:card\" content=\"summary_large_image\" \/>\n<meta name=\"twitter:label1\" content=\"\u01af\u1edbc t\u00ednh th\u1eddi gian \u0111\u1ecdc\" \/>\n\t<meta name=\"twitter:data1\" content=\"2 ph\u00fat\" \/>\n<script type=\"application\/ld+json\" class=\"yoast-schema-graph\">{\"@context\":\"https:\/\/schema.org\",\"@graph\":[{\"@type\":\"WebPage\",\"@id\":\"https:\/\/sanphang.com\/?product=tu-dieu-khien-bom-tuoi\",\"url\":\"https:\/\/sanphang.com\/?product=tu-dieu-khien-bom-tuoi\",\"name\":\"T\u1ee7 \u0111i\u1ec1u khi\u1ec3n motor 10kw 2 ch\u1ebf \u0111\u1ed9 tay v\u00e0 remote -\",\"isPartOf\":{\"@id\":\"https:\/\/sanphang.com\/#website\"},\"datePublished\":\"2023-06-26T07:33:09+00:00\",\"dateModified\":\"2023-06-29T08:11:51+00:00\",\"description\":\"T\u1ee7 \u0111i\u1ec1u khi\u1ec3n motor 10kw 2 ch\u1ebf \u0111\u1ed9 tay v\u00e0 remote b\u1ea3o v\u1ec7 pha, b\u1ea3o v\u1ec7 qu\u00e1 t\u1ea3i v\u1edbi v\u1ecf t\u1ee7 k\u00edn n\u01b0\u1edbc l\u00e0m t\u1eeb v\u1eadt li\u1ec7u ABS, \u0111\u00e8n b\u00e1o pha, b\u00e1o ch\u1ea1y, b\u00e1o s\u1ef1 c\u1ed1.\",\"breadcrumb\":{\"@id\":\"https:\/\/sanphang.com\/?product=tu-dieu-khien-bom-tuoi#breadcrumb\"},\"inLanguage\":\"vi\",\"potentialAction\":[{\"@type\":\"ReadAction\",\"target\":[\"https:\/\/sanphang.com\/?product=tu-dieu-khien-bom-tuoi\"]}]},{\"@type\":\"BreadcrumbList\",\"@id\":\"https:\/\/sanphang.com\/?product=tu-dieu-khien-bom-tuoi#breadcrumb\",\"itemListElement\":[{\"@type\":\"ListItem\",\"position\":1,\"name\":\"Home\",\"item\":\"https:\/\/sanphang.com\/\"},{\"@type\":\"ListItem\",\"position\":2,\"name\":\"Shop\",\"item\":\"https:\/\/sanphang.com\/?page_id=101\"},{\"@type\":\"ListItem\",\"position\":3,\"name\":\"T\u1ee7 \u0111i\u1ec1u khi\u1ec3n motor 10kw 2 ch\u1ebf \u0111\u1ed9 tay v\u00e0 remote\"}]},{\"@type\":\"WebSite\",\"@id\":\"https:\/\/sanphang.com\/#website\",\"url\":\"https:\/\/sanphang.com\/\",\"name\":\"\",\"description\":\"THEGIOITUDIEN\",\"potentialAction\":[{\"@type\":\"SearchAction\",\"target\":{\"@type\":\"EntryPoint\",\"urlTemplate\":\"https:\/\/sanphang.com\/?s={search_term_string}\"},\"query-input\":\"required name=search_term_string\"}],\"inLanguage\":\"vi\"}]}<\/script>\n<!-- \/ Yoast SEO plugin. -->","yoast_head_json":{"title":"T\u1ee7 \u0111i\u1ec1u khi\u1ec3n motor 10kw 2 ch\u1ebf \u0111\u1ed9 tay v\u00e0 remote -","description":"T\u1ee7 \u0111i\u1ec1u khi\u1ec3n motor 10kw 2 ch\u1ebf \u0111\u1ed9 tay v\u00e0 remote b\u1ea3o v\u1ec7 pha, b\u1ea3o v\u1ec7 qu\u00e1 t\u1ea3i v\u1edbi v\u1ecf t\u1ee7 k\u00edn n\u01b0\u1edbc l\u00e0m t\u1eeb v\u1eadt li\u1ec7u ABS, \u0111\u00e8n b\u00e1o pha, b\u00e1o ch\u1ea1y, b\u00e1o s\u1ef1 c\u1ed1.","robots":{"index":"index","follow":"follow","max-snippet":"max-snippet:-1","max-image-preview":"max-image-preview:large","max-video-preview":"max-video-preview:-1"},"canonical":"https:\/\/sanphang.com\/?product=tu-dieu-khien-bom-tuoi","og_locale":"vi_VN","og_type":"article","og_title":"T\u1ee7 \u0111i\u1ec1u khi\u1ec3n motor 10kw 2 ch\u1ebf \u0111\u1ed9 tay v\u00e0 remote -","og_description":"T\u1ee7 \u0111i\u1ec1u khi\u1ec3n motor 10kw 2 ch\u1ebf \u0111\u1ed9 tay v\u00e0 remote b\u1ea3o v\u1ec7 pha, b\u1ea3o v\u1ec7 qu\u00e1 t\u1ea3i v\u1edbi v\u1ecf t\u1ee7 k\u00edn n\u01b0\u1edbc l\u00e0m t\u1eeb v\u1eadt li\u1ec7u ABS, \u0111\u00e8n b\u00e1o pha, b\u00e1o ch\u1ea1y, b\u00e1o s\u1ef1 c\u1ed1.","og_url":"https:\/\/sanphang.com\/?product=tu-dieu-khien-bom-tuoi","article_publisher":"https:\/\/www.facebook.com\/thegioitudien","article_modified_time":"2023-06-29T08:11:51+00:00","og_image":[{"width":800,"height":600,"url":"https:\/\/sanphang.com\/wp-content\/uploads\/2023\/06\/Tu-dieu-khien-motor-10kw-3-pha-2-che-do-tay-va-remote-2.jpg","type":"image\/jpeg"}],"twitter_card":"summary_large_image","twitter_misc":{"\u01af\u1edbc t\u00ednh th\u1eddi gian \u0111\u1ecdc":"2 ph\u00fat"},"schema":{"@context":"https:\/\/schema.org","@graph":[{"@type":"WebPage","@id":"https:\/\/sanphang.com\/?product=tu-dieu-khien-bom-tuoi","url":"https:\/\/sanphang.com\/?product=tu-dieu-khien-bom-tuoi","name":"T\u1ee7 \u0111i\u1ec1u khi\u1ec3n motor 10kw 2 ch\u1ebf \u0111\u1ed9 tay v\u00e0 remote -","isPartOf":{"@id":"https:\/\/sanphang.com\/#website"},"datePublished":"2023-06-26T07:33:09+00:00","dateModified":"2023-06-29T08:11:51+00:00","description":"T\u1ee7 \u0111i\u1ec1u khi\u1ec3n motor 10kw 2 ch\u1ebf \u0111\u1ed9 tay v\u00e0 remote b\u1ea3o v\u1ec7 pha, b\u1ea3o v\u1ec7 qu\u00e1 t\u1ea3i v\u1edbi v\u1ecf t\u1ee7 k\u00edn n\u01b0\u1edbc l\u00e0m t\u1eeb v\u1eadt li\u1ec7u ABS, \u0111\u00e8n b\u00e1o pha, b\u00e1o ch\u1ea1y, b\u00e1o s\u1ef1 c\u1ed1.","breadcrumb":{"@id":"https:\/\/sanphang.com\/?product=tu-dieu-khien-bom-tuoi#breadcrumb"},"inLanguage":"vi","potentialAction":[{"@type":"ReadAction","target":["https:\/\/sanphang.com\/?product=tu-dieu-khien-bom-tuoi"]}]},{"@type":"BreadcrumbList","@id":"https:\/\/sanphang.com\/?product=tu-dieu-khien-bom-tuoi#breadcrumb","itemListElement":[{"@type":"ListItem","position":1,"name":"Home","item":"https:\/\/sanphang.com\/"},{"@type":"ListItem","position":2,"name":"Shop","item":"https:\/\/sanphang.com\/?page_id=101"},{"@type":"ListItem","position":3,"name":"T\u1ee7 \u0111i\u1ec1u khi\u1ec3n motor 10kw 2 ch\u1ebf \u0111\u1ed9 tay v\u00e0 remote"}]},{"@type":"WebSite","@id":"https:\/\/sanphang.com\/#website","url":"https:\/\/sanphang.com\/","name":"","description":"THEGIOITUDIEN","potentialAction":[{"@type":"SearchAction","target":{"@type":"EntryPoint","urlTemplate":"https:\/\/sanphang.com\/?s={search_term_string}"},"query-input":"required name=search_term_string"}],"inLanguage":"vi"}]}},"_links":{"self":[{"href":"https:\/\/sanphang.com\/index.php?rest_route=\/wp\/v2\/product\/109","targetHints":{"allow":["GET"]}}],"collection":[{"href":"https:\/\/sanphang.com\/index.php?rest_route=\/wp\/v2\/product"}],"about":[{"href":"https:\/\/sanphang.com\/index.php?rest_route=\/wp\/v2\/types\/product"}],"replies":[{"embeddable":true,"href":"https:\/\/sanphang.com\/index.php?rest_route=%2Fwp%2Fv2%2Fcomments&post=109"}],"wp:featuredmedia":[{"embeddable":true,"href":"https:\/\/sanphang.com\/index.php?rest_route=\/wp\/v2\/media\/133"}],"wp:attachment":[{"href":"https:\/\/sanphang.com\/index.php?rest_route=%2Fwp%2Fv2%2Fmedia&parent=109"}],"wp:term":[{"taxonomy":"product_cat","embeddable":true,"href":"https:\/\/sanphang.com\/index.php?rest_route=%2Fwp%2Fv2%2Fproduct_cat&post=109"},{"taxonomy":"product_tag","embeddable":true,"href":"https:\/\/sanphang.com\/index.php?rest_route=%2Fwp%2Fv2%2Fproduct_tag&post=109"}],"curies":[{"name":"wp","href":"https:\/\/api.w.org\/{rel}","templated":true}]}}